{"id":1362,"date":"2020-10-15T10:23:21","date_gmt":"2020-10-15T14:23:22","guid":{"rendered":"https:\/\/gapinnovation.com\/turbor\/?post_type=product&#038;p=1362"},"modified":"2020-12-06T20:25:19","modified_gmt":"2020-12-07T01:25:19","slug":"surclassement-dun-jukebox-a-un-autre-jukebox-pour-brp-900-ace-turbo","status":"publish","type":"product","link":"https:\/\/gapinnovation.com\/turbor\/fr\/produit\/surclassement-dun-jukebox-a-un-autre-jukebox-pour-brp-900-ace-turbo\/","title":{"rendered":"Surclassement d&rsquo;un Jukebox \u00e0 un autre Jukebox pour BRP 900 Ace Turbo"},"content":{"rendered":"<div id=\"pl-1362\"  class=\"panel-layout\" ><div id=\"pg-1362-0\"  class=\"panel-grid panel-no-style\" ><div id=\"pgc-1362-0-0\"  class=\"panel-grid-cell\" ><div id=\"panel-1362-0-0-0\" class=\"so-panel widget widget_text panel-first-child panel-last-child\" data-index=\"0\" >\t\t\t<div class=\"textwidget\"><p style=\"background: white;\"><strong><span style=\"font-size: 15pt; font-family: 'Arial','sans-serif'; color: #131313;\">Permet de passer d\u2019un Jukebox (bundle) a un autre Jukebox incluant les cartographies suivantes qui peuvent \u00eatre s\u00e9lectionn\u00e9s rapidement.<\/span><\/strong><\/p>\n<p style=\"background: white;\"><strong><span style=\"font-size: 15pt; font-family: 'Arial','sans-serif'; color: #131313;\">Pour une description compl\u00e8te et \u00e0 jour, veuillez consulter la <a href=\"https:\/\/turborperformance.ca\/en_ca\/\">page du produit<\/a>.<\/span><\/strong><\/p>\n<p>&nbsp;<\/p>\n<\/div>\n\t\t<\/div><\/div><\/div><div id=\"pg-1362-1\"  class=\"panel-grid panel-has-style\" ><div class=\"panel-row-style panel-row-style-for-1362-1\" ><div id=\"pgc-1362-1-0\"  class=\"panel-grid-cell\" ><div id=\"panel-1362-1-0-0\" class=\"so-panel widget widget_media_image panel-first-child panel-last-child\" data-index=\"1\" ><img decoding=\"async\" width=\"201\" height=\"300\" src=\"https:\/\/gapinnovation.com\/turbor\/wp-content\/uploads\/sites\/7\/2020\/09\/Turbor_BRP_205_4-201x300.jpg\" class=\"image wp-image-1175  attachment-medium size-medium\" alt=\"\" style=\"max-width: 100%; height: auto;\" srcset=\"https:\/\/gapinnovation.com\/turbor\/wp-content\/uploads\/sites\/7\/2020\/09\/Turbor_BRP_205_4-201x300.jpg 201w, https:\/\/gapinnovation.com\/turbor\/wp-content\/uploads\/sites\/7\/2020\/09\/Turbor_BRP_205_4-685x1024.jpg 685w, https:\/\/gapinnovation.com\/turbor\/wp-content\/uploads\/sites\/7\/2020\/09\/Turbor_BRP_205_4-768x1148.jpg 768w, https:\/\/gapinnovation.com\/turbor\/wp-content\/uploads\/sites\/7\/2020\/09\/Turbor_BRP_205_4-1028x1536.jpg 1028w, https:\/\/gapinnovation.com\/turbor\/wp-content\/uploads\/sites\/7\/2020\/09\/Turbor_BRP_205_4-100x149.jpg 100w, https:\/\/gapinnovation.com\/turbor\/wp-content\/uploads\/sites\/7\/2020\/09\/Turbor_BRP_205_4-846x1264.jpg 846w, https:\/\/gapinnovation.com\/turbor\/wp-content\/uploads\/sites\/7\/2020\/09\/Turbor_BRP_205_4-1184x1769.jpg 1184w, https:\/\/gapinnovation.com\/turbor\/wp-content\/uploads\/sites\/7\/2020\/09\/Turbor_BRP_205_4-600x897.jpg 600w, https:\/\/gapinnovation.com\/turbor\/wp-content\/uploads\/sites\/7\/2020\/09\/Turbor_BRP_205_4.jpg 1333w\" sizes=\"(max-width: 201px) 100vw, 201px\" \/><\/div><\/div><div id=\"pgc-1362-1-1\"  class=\"panel-grid-cell\" ><div id=\"panel-1362-1-1-0\" class=\"so-panel widget widget_text panel-first-child panel-last-child\" data-index=\"2\" >\t\t\t<div class=\"textwidget\"><p style=\"background: white;\"><strong><span style=\"font-size: 15pt; font-family: 'Arial','sans-serif'; color: #131313;\">Cette cartographie fait 205 HP en toute s\u00e9curit\u00e9 avec de l&rsquo;essence ayant un indice d&rsquo;octane de 91 et plus.\u00a0<\/span><\/strong><\/p>\n<p><strong><span style=\"font-size: 15pt; font-family: 'Arial','sans-serif'; color: #131313;\">Exigences:<\/span><\/strong><\/p>\n<ul>\n<li><span style=\"font-size: 15pt; font-family: 'Arial','sans-serif'; color: #131313;\">Silencieux d&rsquo;origine<\/span><\/li>\n<li><span style=\"font-size: 15pt; font-family: 'Arial','sans-serif'; color: #131313;\">Modification d&#8217;embrayage<\/span><\/li>\n<li><span style=\"font-size: 15pt; font-family: 'Arial','sans-serif'; color: #131313;\">Essence ayant un indice d&rsquo;octane de 91 et plus<\/span><\/li>\n<\/ul>\n<\/div>\n\t\t<\/div><\/div><\/div><\/div><div id=\"pg-1362-2\"  class=\"panel-grid panel-has-style\" ><div class=\"panel-row-style panel-row-style-for-1362-2\" ><div id=\"pgc-1362-2-0\"  class=\"panel-grid-cell\" ><div id=\"panel-1362-2-0-0\" class=\"so-panel widget widget_media_image panel-first-child panel-last-child\" data-index=\"3\" ><img decoding=\"async\" width=\"201\" height=\"300\" src=\"https:\/\/gapinnovation.com\/turbor\/wp-content\/uploads\/sites\/7\/2020\/09\/Turbor_BRP_195_4-1-201x300.jpg\" class=\"image wp-image-1211  attachment-medium size-medium\" alt=\"\" style=\"max-width: 100%; height: auto;\" srcset=\"https:\/\/gapinnovation.com\/turbor\/wp-content\/uploads\/sites\/7\/2020\/09\/Turbor_BRP_195_4-1-201x300.jpg 201w, https:\/\/gapinnovation.com\/turbor\/wp-content\/uploads\/sites\/7\/2020\/09\/Turbor_BRP_195_4-1-685x1024.jpg 685w, https:\/\/gapinnovation.com\/turbor\/wp-content\/uploads\/sites\/7\/2020\/09\/Turbor_BRP_195_4-1-768x1148.jpg 768w, https:\/\/gapinnovation.com\/turbor\/wp-content\/uploads\/sites\/7\/2020\/09\/Turbor_BRP_195_4-1-1028x1536.jpg 1028w, https:\/\/gapinnovation.com\/turbor\/wp-content\/uploads\/sites\/7\/2020\/09\/Turbor_BRP_195_4-1-100x149.jpg 100w, https:\/\/gapinnovation.com\/turbor\/wp-content\/uploads\/sites\/7\/2020\/09\/Turbor_BRP_195_4-1-846x1264.jpg 846w, https:\/\/gapinnovation.com\/turbor\/wp-content\/uploads\/sites\/7\/2020\/09\/Turbor_BRP_195_4-1-1184x1769.jpg 1184w, https:\/\/gapinnovation.com\/turbor\/wp-content\/uploads\/sites\/7\/2020\/09\/Turbor_BRP_195_4-1-600x897.jpg 600w, https:\/\/gapinnovation.com\/turbor\/wp-content\/uploads\/sites\/7\/2020\/09\/Turbor_BRP_195_4-1.jpg 1333w\" sizes=\"(max-width: 201px) 100vw, 201px\" \/><\/div><\/div><div id=\"pgc-1362-2-1\"  class=\"panel-grid-cell\" ><div id=\"panel-1362-2-1-0\" class=\"so-panel widget widget_text panel-first-child panel-last-child\" data-index=\"4\" >\t\t\t<div class=\"textwidget\"><p style=\"background: white;\"><strong><span style=\"font-size: 15pt; font-family: 'Arial','sans-serif'; color: #131313;\">Cette cartographie fait 195 HP en toute s\u00e9curit\u00e9 avec de l&rsquo;essence ayant un indice d&rsquo;octane de 91 et plus.<\/span><\/strong><\/p>\n<p><strong><span style=\"font-size: 15pt; font-family: 'Arial','sans-serif'; color: #131313;\">Exigences:<\/span><\/strong><\/p>\n<ul>\n<li><span style=\"font-size: 15pt; font-family: 'Arial','sans-serif'; color: #131313;\">Silencieux d&rsquo;origine<\/span><\/li>\n<li><span style=\"font-size: 15pt; font-family: 'Arial','sans-serif'; color: #131313;\">Modification d&#8217;embrayage<\/span><\/li>\n<li><span style=\"font-size: 15pt; font-family: 'Arial','sans-serif'; color: #131313;\">Essence ayant un indice d&rsquo;octane de 91 et plus<\/span><span style=\"font-size: 15pt; font-family: 'Arial','sans-serif'; color: #131313;\"><br \/>\n<\/span><\/li>\n<\/ul>\n<\/div>\n\t\t<\/div><\/div><\/div><\/div><div id=\"pg-1362-3\"  class=\"panel-grid panel-has-style\" ><div class=\"panel-row-style panel-row-style-for-1362-3\" ><div id=\"pgc-1362-3-0\"  class=\"panel-grid-cell\" ><div id=\"panel-1362-3-0-0\" class=\"so-panel widget widget_media_image panel-first-child panel-last-child\" data-index=\"5\" ><div class=\"panel-widget-style panel-widget-style-for-1362-3-0-0\" ><img decoding=\"async\" width=\"201\" height=\"300\" src=\"https:\/\/gapinnovation.com\/turbor\/wp-content\/uploads\/sites\/7\/2020\/09\/Turbor_BRP_175_4-1-201x300.jpg\" class=\"image wp-image-1219  attachment-medium size-medium\" alt=\"\" style=\"max-width: 100%; height: auto;\" srcset=\"https:\/\/gapinnovation.com\/turbor\/wp-content\/uploads\/sites\/7\/2020\/09\/Turbor_BRP_175_4-1-201x300.jpg 201w, https:\/\/gapinnovation.com\/turbor\/wp-content\/uploads\/sites\/7\/2020\/09\/Turbor_BRP_175_4-1-685x1024.jpg 685w, https:\/\/gapinnovation.com\/turbor\/wp-content\/uploads\/sites\/7\/2020\/09\/Turbor_BRP_175_4-1-768x1149.jpg 768w, https:\/\/gapinnovation.com\/turbor\/wp-content\/uploads\/sites\/7\/2020\/09\/Turbor_BRP_175_4-1-1027x1536.jpg 1027w, https:\/\/gapinnovation.com\/turbor\/wp-content\/uploads\/sites\/7\/2020\/09\/Turbor_BRP_175_4-1-100x150.jpg 100w, https:\/\/gapinnovation.com\/turbor\/wp-content\/uploads\/sites\/7\/2020\/09\/Turbor_BRP_175_4-1-846x1265.jpg 846w, https:\/\/gapinnovation.com\/turbor\/wp-content\/uploads\/sites\/7\/2020\/09\/Turbor_BRP_175_4-1-1184x1771.jpg 1184w, https:\/\/gapinnovation.com\/turbor\/wp-content\/uploads\/sites\/7\/2020\/09\/Turbor_BRP_175_4-1-600x897.jpg 600w, https:\/\/gapinnovation.com\/turbor\/wp-content\/uploads\/sites\/7\/2020\/09\/Turbor_BRP_175_4-1.jpg 1332w\" sizes=\"(max-width: 201px) 100vw, 201px\" \/><\/div><\/div><\/div><div id=\"pgc-1362-3-1\"  class=\"panel-grid-cell\" ><div id=\"panel-1362-3-1-0\" class=\"so-panel widget widget_text panel-first-child panel-last-child\" data-index=\"6\" >\t\t\t<div class=\"textwidget\"><p style=\"background: white;\"><strong><span style=\"font-size: 15pt; font-family: 'Arial','sans-serif'; color: #131313;\">Cette cartographie de 175 HP est con\u00e7ue pour augmenter la puissance de 25 HP par rapport a l\u2019originale. Elle fonctionne bien avec le silencieux et l&#8217;embrayage d\u2019origine. L&rsquo;indice d&rsquo;octane de l&rsquo;essence requise est de 87 ou plus.\u00a0<\/span><\/strong><\/p>\n<p><strong><span style=\"font-size: 15pt; font-family: 'Arial','sans-serif'; color: #131313;\">Exigences:<\/span><\/strong><\/p>\n<ul>\n<li><span style=\"font-size: 15pt; font-family: 'Arial','sans-serif'; color: #131313;\">Silencieux d&rsquo;origine<\/span><\/li>\n<li><span style=\"color: #131313; font-family: Arial, sans-serif;\"><span style=\"font-size: 20px;\">Essence ordinaire avec indice d&rsquo;octane de 87 ou plus<\/span><\/span><\/li>\n<\/ul>\n<\/div>\n\t\t<\/div><\/div><\/div><\/div><\/div>","protected":false},"excerpt":{"rendered":"<p style=\"text-align: left;\">Surclassement d&rsquo;un Jukebox \u00e0 un autre Jukebox pour BRP 900 Ace Turbo<\/p>\n","protected":false},"featured_media":1287,"comment_status":"open","ping_status":"closed","template":"","meta":[],"product_cat":[55,25],"product_tag":[],"class_list":{"0":"post-1362","1":"product","2":"type-product","3":"status-publish","4":"has-post-thumbnail","6":"product_cat-brp-900t-sled-fr","7":"product_cat-upgrade-fr","8":"dc_vendor_shop-turbor","11":"first","12":"instock","13":"virtual","14":"taxable","15":"purchasable","16":"product-type-composite"},"composite_layout":"single","composite_add_to_cart_form_location":"default","composite_editable_in_cart":false,"composite_sold_individually_context":"product","composite_shop_price_calc":"min_max","composite_components":[{"id":"1538132009","title":"Enregistreur de donn\u00e9es (datalogger)","description":"<p style=\"background: white\"><span style=\"font-size: 14pt;color: #131313\">Enregistrer, consulter et analyser les donn\u00e9es moteur. Pour une description d\u00e9taill\u00e9e,  <a href=\"https:\/\/gapinnovation.com\/turbor\/fr\/produit\/enregistreur-de-donnees-datalogger\/\">cliquer ici<\/a>. <\/span><\/strong><\/p>\n","query_type":"product_ids","query_ids":[222],"default_option_id":"","thumbnail_id":"","thumbnail_src":"","quantity_min":1,"quantity_max":"","priced_individually":true,"shipped_individually":true,"optional":true,"discount":"","options_style":"radios","pagination_style":"classic","display_prices":"absolute","show_sorting_options":false,"show_filtering_options":false,"attribute_filter_ids":[],"product_title_visible":true,"product_descr_visible":true,"product_price_visible":true,"product_thumb_visible":true,"subtotal_visible_product":true,"subtotal_visible_cart":true,"subtotal_visible_orders":true}],"composite_scenarios":[],"_links":{"self":[{"href":"https:\/\/gapinnovation.com\/turbor\/fr\/wp-json\/wp\/v2\/product\/1362"}],"collection":[{"href":"https:\/\/gapinnovation.com\/turbor\/fr\/wp-json\/wp\/v2\/product"}],"about":[{"href":"https:\/\/gapinnovation.com\/turbor\/fr\/wp-json\/wp\/v2\/types\/product"}],"replies":[{"embeddable":true,"href":"https:\/\/gapinnovation.com\/turbor\/fr\/wp-json\/wp\/v2\/comments?post=1362"}],"wp:featuredmedia":[{"embeddable":true,"href":"https:\/\/gapinnovation.com\/turbor\/fr\/wp-json\/wp\/v2\/media\/1287"}],"wp:attachment":[{"href":"https:\/\/gapinnovation.com\/turbor\/fr\/wp-json\/wp\/v2\/media?parent=1362"}],"wp:term":[{"taxonomy":"product_cat","embeddable":true,"href":"https:\/\/gapinnovation.com\/turbor\/fr\/wp-json\/wp\/v2\/product_cat?post=1362"},{"taxonomy":"product_tag","embeddable":true,"href":"https:\/\/gapinnovation.com\/turbor\/fr\/wp-json\/wp\/v2\/product_tag?post=1362"}],"curies":[{"name":"wp","href":"https:\/\/api.w.org\/{rel}","templated":true}]}}