{"id":1307,"date":"2020-09-03T15:19:50","date_gmt":"2020-09-03T19:19:51","guid":{"rendered":"https:\/\/gapinnovation.com\/turbor\/?post_type=product&#038;p=1307"},"modified":"2020-12-06T20:32:00","modified_gmt":"2020-12-07T01:32:00","slug":"cartographie-individuelle-pour-sidewinder-thundercat-9000-225hp","status":"publish","type":"product","link":"https:\/\/gapinnovation.com\/turbor\/fr\/produit\/cartographie-individuelle-pour-sidewinder-thundercat-9000-225hp\/","title":{"rendered":"Cartographie individuelle pour Sidewinder-Thundercat\/9000 225 HP"},"content":{"rendered":"<div id=\"pl-1307\"  class=\"panel-layout\" ><div id=\"pg-1307-0\"  class=\"panel-grid panel-no-style\" ><div id=\"pgc-1307-0-0\"  class=\"panel-grid-cell\" ><div id=\"panel-1307-0-0-0\" class=\"so-panel widget widget_text panel-first-child panel-last-child\" data-index=\"0\" >\t\t\t<div class=\"textwidget\"><p style=\"background: white;\"><strong><span style=\"font-size: 15pt; font-family: 'Arial','sans-serif'; color: #131313;\">L&rsquo;achat de ce produit vous permettra de choisir la cartographie d\u00e9finie plus bas. La ou les cartographies possibles pour la configuration mat\u00e9rielle sp\u00e9cifique du v\u00e9hicule (type de silencieux, etc.) seront automatiquement affich\u00e9es lors du remplissage du formulaire pr\u00e9sent dans l&rsquo;application GAP Flasher.<\/span><\/strong><\/p>\n<p style=\"background: white;\"><strong><span style=\"font-size: 15pt; font-family: 'Arial','sans-serif'; color: #131313;\">Pour une description compl\u00e8te et \u00e0 jour, veuillez consulter la <a href=\"https:\/\/turborperformance.ca\/en_ca\/\">page du produit<\/a>.<\/span><\/strong><\/p>\n<p>&nbsp;<\/p>\n<\/div>\n\t\t<\/div><\/div><\/div><div id=\"pg-1307-1\"  class=\"panel-grid panel-has-style\" ><div class=\"panel-row-style panel-row-style-for-1307-1\" ><div id=\"pgc-1307-1-0\"  class=\"panel-grid-cell\" ><div id=\"panel-1307-1-0-0\" class=\"so-panel widget widget_media_image panel-first-child panel-last-child\" data-index=\"1\" ><img decoding=\"async\" width=\"201\" height=\"300\" src=\"https:\/\/gapinnovation.com\/turbor\/wp-content\/uploads\/sites\/7\/2018\/08\/Hurricane225_4-201x300.png\" class=\"image wp-image-194  attachment-medium size-medium\" alt=\"\" style=\"max-width: 100%; height: auto;\" srcset=\"https:\/\/gapinnovation.com\/turbor\/wp-content\/uploads\/sites\/7\/2018\/08\/Hurricane225_4-201x300.png 201w, https:\/\/gapinnovation.com\/turbor\/wp-content\/uploads\/sites\/7\/2018\/08\/Hurricane225_4-768x1149.png 768w, https:\/\/gapinnovation.com\/turbor\/wp-content\/uploads\/sites\/7\/2018\/08\/Hurricane225_4-685x1024.png 685w, https:\/\/gapinnovation.com\/turbor\/wp-content\/uploads\/sites\/7\/2018\/08\/Hurricane225_4-100x150.png 100w, https:\/\/gapinnovation.com\/turbor\/wp-content\/uploads\/sites\/7\/2018\/08\/Hurricane225_4-1184x1771.png 1184w, https:\/\/gapinnovation.com\/turbor\/wp-content\/uploads\/sites\/7\/2018\/08\/Hurricane225_4-600x898.png 600w, https:\/\/gapinnovation.com\/turbor\/wp-content\/uploads\/sites\/7\/2018\/08\/Hurricane225_4.png 1331w\" sizes=\"(max-width: 201px) 100vw, 201px\" \/><\/div><\/div><div id=\"pgc-1307-1-1\"  class=\"panel-grid-cell\" ><div id=\"panel-1307-1-1-0\" class=\"so-panel widget widget_text panel-first-child panel-last-child\" data-index=\"2\" >\t\t\t<div class=\"textwidget\"><p style=\"background: white;\"><strong><span style=\"font-size: 15pt; font-family: 'Arial','sans-serif'; color: #131313;\">Cette cartographie de 225 HP est con\u00e7ue pour augmenter la puissance de 25 HP par rapport a l\u2019originale. Elle fonctionne bien avec le silencieux et l&#8217;embrayage d\u2019origine. L&rsquo;indice d&rsquo;octane de l&rsquo;essence requise est de 87 ou plus. La puissance additionnelle augmente la vitesse du moteur maximale \u00e0 8800 tr \/ min.\u00a0Disponible en version Race ou Super Spool.<\/span><\/strong><\/p>\n<p><strong><span style=\"font-size: 15pt; font-family: 'Arial','sans-serif'; color: #131313;\">Exigences:<\/span><\/strong><\/p>\n<ul>\n<li><span style=\"font-size: 15pt; font-family: 'Arial','sans-serif'; color: #131313;\">Silencieux d&rsquo;origine<\/span><\/li>\n<li><span style=\"color: #131313; font-family: Arial, sans-serif;\"><span style=\"font-size: 20px;\">Essence ordinaire avec indice d&rsquo;octane de 87 ou plus<\/span><\/span><\/li>\n<\/ul>\n<\/div>\n\t\t<\/div><\/div><\/div><\/div><div id=\"pg-1307-2\"  class=\"panel-grid panel-no-style\" ><div id=\"pgc-1307-2-0\"  class=\"panel-grid-cell\" ><div id=\"panel-1307-2-0-0\" class=\"so-panel widget widget_text panel-first-child panel-last-child\" data-index=\"3\" >\t\t\t<div class=\"textwidget\"><p style=\"background: white;\"><span style=\"font-size: 14pt; font-family: 'Arial','sans-serif'; color: #131313;\">Ces cartographies sont dot\u00e9es du syst\u00e8me d\u2019affichage et de protection contre le cognement (knock). L\u2019affichage du ratio Air Essence (lorsque le syst\u00e8me AFR en option a \u00e9t\u00e9 achet\u00e9) ou du Boost (pression de suralimentation) sur le tableau de bord est inclus*. La r\u00e9ponse et l&rsquo;acc\u00e9l\u00e9ration la plus rapide sur le march\u00e9. Puissante et durable. <\/span><\/p>\n<p style=\"background: white;\"><span style=\"font-size: 14pt; font-family: 'Arial','sans-serif'; color: #131313;\">La cartographie originale (stock) est \u00e9galement incluse et peut \u00eatre appliqu\u00e9e si n\u00e9cessaire. <\/span><\/p>\n<p style=\"background: white;\"><span style=\"font-size: 14pt; font-family: 'Arial','sans-serif'; color: #131313;\">*Affichage de base. Consulter la mise \u00e0 jour du tableau de bord pour la version am\u00e9lior\u00e9e.<br \/>\n<\/span><\/p>\n<p>&nbsp;<\/p>\n<p>&nbsp;<\/p>\n<\/div>\n\t\t<\/div><\/div><\/div><\/div>","protected":false},"excerpt":{"rendered":"<p style=\"text-align: left;\">Cartographie individuelle pour Sidewinder-Thundercat\/9000 225 HP<\/p>\n","protected":false},"featured_media":1215,"comment_status":"open","ping_status":"closed","template":"","meta":[],"product_cat":[36,38],"product_tag":[],"class_list":{"0":"post-1307","1":"product","2":"type-product","3":"status-publish","4":"has-post-thumbnail","6":"product_cat-tunes-fr","7":"product_cat-yamaha-arctic-cat","8":"dc_vendor_shop-turbor","11":"first","12":"instock","13":"virtual","14":"taxable","15":"purchasable","16":"product-type-composite"},"composite_layout":"single","composite_add_to_cart_form_location":"default","composite_editable_in_cart":false,"composite_sold_individually_context":"product","composite_shop_price_calc":"min_max","composite_components":[{"id":"1601902904","title":"Closed Loop Fuel Control","description":"<p>Available soon<\/p>\n<p style=\"background: white\"><span style=\"font-size: 14pt;color: #131313\">The closed loop fuel control will ensure consistent air fuel ratio regardless of ambient conditions. For a complete and up to date product description,  <a href=\"https:\/\/gapinnovation.com\/turbor\/product\/closed-loop-fuel-control\/\">click here<\/a>. <\/span><\/strong><\/p>\n","query_type":"product_ids","query_ids":[1148],"default_option_id":"","thumbnail_id":"","thumbnail_src":"","quantity_min":1,"quantity_max":"","priced_individually":true,"shipped_individually":true,"optional":true,"discount":"","options_style":"radios","pagination_style":"classic","display_prices":"absolute","show_sorting_options":false,"show_filtering_options":false,"attribute_filter_ids":[],"product_title_visible":true,"product_descr_visible":true,"product_price_visible":true,"product_thumb_visible":true,"subtotal_visible_product":true,"subtotal_visible_cart":true,"subtotal_visible_orders":true},{"id":"1538131828","title":"Mise \u00e0 jour du tableau de bord (jauge\u2026)","description":"<p style=\"background: white\"><span style=\"font-size: 14pt;color: #131313\">S\u00e9lection de la cartographie instantan\u00e9e, valeurs en temps r\u00e9el et plus. Pour une description d\u00e9taill\u00e9e,  <a href=\"https:\/\/gapinnovation.com\/turbor\/fr\/produit\/instrument-cluster-dash-gauge-update\/\">cliquer ici<\/a>. <\/span><\/strong><\/p>\n","query_type":"product_ids","query_ids":[249],"default_option_id":"","thumbnail_id":"","thumbnail_src":"","quantity_min":1,"quantity_max":"","priced_individually":true,"shipped_individually":true,"optional":true,"discount":"","options_style":"radios","pagination_style":"classic","display_prices":"absolute","show_sorting_options":false,"show_filtering_options":false,"attribute_filter_ids":[],"product_title_visible":true,"product_descr_visible":true,"product_price_visible":true,"product_thumb_visible":true,"subtotal_visible_product":true,"subtotal_visible_cart":true,"subtotal_visible_orders":true},{"id":"1538131829","title":"Contr\u00f4le de lancement (Anti-Retard, Anti-Lag)","description":"<p style=\"background: white\"><span style=\"font-size: 14pt;color: #131313\">Pour une description d\u00e9taill\u00e9e,  <a href=\"https:\/\/gapinnovation.com\/turbor\/fr\/produit\/controle-de-lancement-anti-retard-anti-lag\/\">cliquer ici<\/a>. <\/span><\/strong><\/p>\n","query_type":"product_ids","query_ids":[119],"default_option_id":"","thumbnail_id":"","thumbnail_src":"","quantity_min":1,"quantity_max":"","priced_individually":true,"shipped_individually":true,"optional":true,"discount":"","options_style":"radios","pagination_style":"classic","display_prices":"absolute","show_sorting_options":false,"show_filtering_options":false,"attribute_filter_ids":[],"product_title_visible":true,"product_descr_visible":true,"product_price_visible":true,"product_thumb_visible":true,"subtotal_visible_product":true,"subtotal_visible_cart":true,"subtotal_visible_orders":true},{"id":"1538132009","title":"Enregistreur de donn\u00e9es (datalogger)","description":"<p style=\"background: white\"><span style=\"font-size: 14pt;color: #131313\">Enregistrer, consulter et analyser les donn\u00e9es moteur. Pour une description d\u00e9taill\u00e9e,  <a href=\"https:\/\/gapinnovation.com\/turbor\/fr\/produit\/enregistreur-de-donnees-datalogger\/\">cliquer ici<\/a>. <\/span><\/strong><\/p>\n","query_type":"product_ids","query_ids":[222],"default_option_id":"","thumbnail_id":"","thumbnail_src":"","quantity_min":1,"quantity_max":"","priced_individually":true,"shipped_individually":true,"optional":true,"discount":"","options_style":"radios","pagination_style":"classic","display_prices":"absolute","show_sorting_options":false,"show_filtering_options":false,"attribute_filter_ids":[],"product_title_visible":true,"product_descr_visible":true,"product_price_visible":true,"product_thumb_visible":true,"subtotal_visible_product":true,"subtotal_visible_cart":true,"subtotal_visible_orders":true}],"composite_scenarios":[],"_links":{"self":[{"href":"https:\/\/gapinnovation.com\/turbor\/fr\/wp-json\/wp\/v2\/product\/1307"}],"collection":[{"href":"https:\/\/gapinnovation.com\/turbor\/fr\/wp-json\/wp\/v2\/product"}],"about":[{"href":"https:\/\/gapinnovation.com\/turbor\/fr\/wp-json\/wp\/v2\/types\/product"}],"replies":[{"embeddable":true,"href":"https:\/\/gapinnovation.com\/turbor\/fr\/wp-json\/wp\/v2\/comments?post=1307"}],"wp:featuredmedia":[{"embeddable":true,"href":"https:\/\/gapinnovation.com\/turbor\/fr\/wp-json\/wp\/v2\/media\/1215"}],"wp:attachment":[{"href":"https:\/\/gapinnovation.com\/turbor\/fr\/wp-json\/wp\/v2\/media?parent=1307"}],"wp:term":[{"taxonomy":"product_cat","embeddable":true,"href":"https:\/\/gapinnovation.com\/turbor\/fr\/wp-json\/wp\/v2\/product_cat?post=1307"},{"taxonomy":"product_tag","embeddable":true,"href":"https:\/\/gapinnovation.com\/turbor\/fr\/wp-json\/wp\/v2\/product_tag?post=1307"}],"curies":[{"name":"wp","href":"https:\/\/api.w.org\/{rel}","templated":true}]}}