{"id":609,"date":"2018-10-03T16:01:51","date_gmt":"2018-10-03T20:01:51","guid":{"rendered":"https:\/\/gapinnovation.com\/turbodynamics\/?post_type=product&#038;p=609"},"modified":"2020-10-09T13:54:24","modified_gmt":"2020-10-09T17:54:24","slug":"surclassement-stage-2-a-stage-3","status":"publish","type":"product","link":"https:\/\/gapinnovation.com\/turbodynamics\/fr\/produit\/surclassement-stage-2-a-stage-3\/","title":{"rendered":"Surclassement de Stage 2 Powertrail vers Stage 3 Max Spool 16 SM, Max Spool 17 SMM, Max 17 ou Max Spool 17"},"content":{"rendered":"<div id=\"pl-609\"  class=\"panel-layout\" ><div id=\"pg-609-0\"  class=\"panel-grid panel-no-style\" ><div id=\"pgc-609-0-0\"  class=\"panel-grid-cell\" ><div id=\"panel-609-0-0-0\" class=\"so-panel widget widget_text panel-first-child panel-last-child\" data-index=\"0\" >\t\t\t<div class=\"textwidget\"><p style=\"background: white;\"><strong><span style=\"font-size: 15pt; font-family: 'Arial','sans-serif'; color: #131313;\">Surclassement de Stage 2 Powertrail vers TD Stage 3 Max Spool 16 SM, Max Spool 17 SMM, Max 17 ou Max Spool 17<\/span><\/strong><\/p>\n<p style=\"background: white;\"><strong><span style=\"font-size: 15pt; font-family: 'Arial','sans-serif'; color: #131313;\">Pour une description compl\u00e8te et \u00e0 jour du produit, veuillez consulter la <a href=\"https:\/\/gapinnovation.com\/turbodynamics\/fr\/produit\/td-stage-3\/\">page du produit<\/a>.<\/span><\/strong><\/p>\n<\/div>\n\t\t<\/div><\/div><\/div><\/div>","protected":false},"excerpt":{"rendered":"<p>Surclassement de Stage 2 Powertrail vers Stage 3 Max Spool 16 SM, Max Spool 17 SMM, Max 17 ou Max Spool 17<\/p>\n","protected":false},"featured_media":1480,"comment_status":"open","ping_status":"closed","template":"","meta":[],"product_cat":[39,25],"product_tag":[],"class_list":{"0":"post-609","1":"product","2":"type-product","3":"status-publish","4":"has-post-thumbnail","6":"product_cat-yamaha-arctic-cat-fr","7":"product_cat-upgrade-fr","8":"dc_vendor_shop-turbodynamics","11":"first","12":"instock","13":"virtual","14":"taxable","15":"purchasable","16":"product-type-composite"},"composite_layout":"single","composite_add_to_cart_form_location":"default","composite_editable_in_cart":false,"composite_sold_individually_context":"product","composite_shop_price_calc":"defaults","composite_components":[{"id":"1601466560","title":"Contr\u00f4le de l\u2019injection de carburant en boucle ferm\u00e9e","description":"<p style=\"background: white\"><span style=\"font-size: 14pt;color: #131313\">Contr\u00f4le en boucle ferm\u00e9e du m\u00e9langer air\/essence. Pour une description d\u00e9taill\u00e9e,  <a href=\"https:\/\/gapinnovation.com\/turbodynamics\/fr\/produit\/controle-carburant\/\">cliquer ici<\/a>. <\/span><\/strong><\/p>\n","query_type":"product_ids","query_ids":[1557],"default_option_id":"","thumbnail_id":"","thumbnail_src":"","quantity_min":0,"quantity_max":100,"priced_individually":true,"shipped_individually":true,"optional":true,"discount":"","options_style":"radios","pagination_style":"classic","display_prices":"absolute","show_sorting_options":false,"show_filtering_options":false,"attribute_filter_ids":[],"product_title_visible":true,"product_descr_visible":true,"product_price_visible":true,"product_thumb_visible":true,"subtotal_visible_product":true,"subtotal_visible_cart":true,"subtotal_visible_orders":true},{"id":"1538068707","title":"Mise \u00e0 jour du tableau de bord (jauge, cluster\u2026)","description":"<p style=\"background: white\"><span style=\"font-size: 14pt;color: #131313\">S\u00e9lection de la cartographie instantan\u00e9e, valeurs en temps r\u00e9el et plus. Pour une description d\u00e9taill\u00e9e,  <a href=\"https:\/\/gapinnovation.com\/turbodynamics\/fr\/produit\/instrument-cluster-dash-gauge-update\/\">cliquer ici<\/a>. <\/span><\/strong><\/p>\n","query_type":"product_ids","query_ids":[249],"default_option_id":"","thumbnail_id":"","thumbnail_src":"","quantity_min":0,"quantity_max":100,"priced_individually":true,"shipped_individually":true,"optional":true,"discount":"","options_style":"radios","pagination_style":"classic","display_prices":"absolute","show_sorting_options":false,"show_filtering_options":false,"attribute_filter_ids":[],"product_title_visible":true,"product_descr_visible":true,"product_price_visible":true,"product_thumb_visible":true,"subtotal_visible_product":true,"subtotal_visible_cart":true,"subtotal_visible_orders":true},{"id":"1538068705","title":"Contr\u00f4le de lancement (Anti-Retard, Anti-Lag)","description":"<p style=\"background: white\"><span style=\"font-size: 14pt;color: #131313\">Pour une description d\u00e9taill\u00e9e,  <a href=\"https:\/\/gapinnovation.com\/turbodynamics\/fr\/produit\/controle-de-lancement-anti-retard-anti-lag\/\">cliquer ici<\/a>. <\/span><\/strong><\/p>\n","query_type":"product_ids","query_ids":[119],"default_option_id":"","thumbnail_id":"","thumbnail_src":"","quantity_min":0,"quantity_max":100,"priced_individually":true,"shipped_individually":true,"optional":true,"discount":"","options_style":"radios","pagination_style":"classic","display_prices":"absolute","show_sorting_options":false,"show_filtering_options":false,"attribute_filter_ids":[],"product_title_visible":true,"product_descr_visible":true,"product_price_visible":true,"product_thumb_visible":true,"subtotal_visible_product":true,"subtotal_visible_cart":true,"subtotal_visible_orders":true},{"id":"1538068706","title":"Enregistreur de donn\u00e9es (datalogger)","description":"<p style=\"background: white\"><span style=\"font-size: 14pt;color: #131313\">Enregistrer, consulter et analyser les donn\u00e9es moteur. Pour une description d\u00e9taill\u00e9e,  <a href=\"https:\/\/gapinnovation.com\/turbodynamics\/fr\/produit\/enregistreur-de-donnees-datalogger\/\">cliquer ici<\/a>. <\/span><\/strong><\/p>\n","query_type":"product_ids","query_ids":[222],"default_option_id":"","thumbnail_id":"","thumbnail_src":"","quantity_min":0,"quantity_max":100,"priced_individually":true,"shipped_individually":true,"optional":true,"discount":"","options_style":"radios","pagination_style":"classic","display_prices":"absolute","show_sorting_options":false,"show_filtering_options":false,"attribute_filter_ids":[],"product_title_visible":true,"product_descr_visible":true,"product_price_visible":true,"product_thumb_visible":true,"subtotal_visible_product":true,"subtotal_visible_cart":true,"subtotal_visible_orders":true}],"composite_scenarios":[],"_links":{"self":[{"href":"https:\/\/gapinnovation.com\/turbodynamics\/fr\/wp-json\/wp\/v2\/product\/609"}],"collection":[{"href":"https:\/\/gapinnovation.com\/turbodynamics\/fr\/wp-json\/wp\/v2\/product"}],"about":[{"href":"https:\/\/gapinnovation.com\/turbodynamics\/fr\/wp-json\/wp\/v2\/types\/product"}],"replies":[{"embeddable":true,"href":"https:\/\/gapinnovation.com\/turbodynamics\/fr\/wp-json\/wp\/v2\/comments?post=609"}],"wp:featuredmedia":[{"embeddable":true,"href":"https:\/\/gapinnovation.com\/turbodynamics\/fr\/wp-json\/wp\/v2\/media\/1480"}],"wp:attachment":[{"href":"https:\/\/gapinnovation.com\/turbodynamics\/fr\/wp-json\/wp\/v2\/media?parent=609"}],"wp:term":[{"taxonomy":"product_cat","embeddable":true,"href":"https:\/\/gapinnovation.com\/turbodynamics\/fr\/wp-json\/wp\/v2\/product_cat?post=609"},{"taxonomy":"product_tag","embeddable":true,"href":"https:\/\/gapinnovation.com\/turbodynamics\/fr\/wp-json\/wp\/v2\/product_tag?post=609"}],"curies":[{"name":"wp","href":"https:\/\/api.w.org\/{rel}","templated":true}]}}