{"id":595,"date":"2018-09-12T14:58:20","date_gmt":"2018-10-03T15:14:54","guid":{"rendered":"https:\/\/gapinnovation.com\/turbodynamics\/?post_type=product&#038;p=595"},"modified":"2020-10-09T14:29:48","modified_gmt":"2020-10-09T18:29:48","slug":"td-stage1-ecotrail","status":"publish","type":"product","link":"https:\/\/gapinnovation.com\/turbodynamics\/fr\/produit\/td-stage1-ecotrail\/","title":{"rendered":"TD Stage 1, Ecotrail 230 vers 250HP pour Sidewinder et AC Thundercat ZR9000"},"content":{"rendered":"<div id=\"pl-595\"  class=\"panel-layout\" ><div id=\"pg-595-0\"  class=\"panel-grid panel-no-style\" ><div id=\"pgc-595-0-0\"  class=\"panel-grid-cell\" ><div id=\"panel-595-0-0-0\" class=\"so-panel widget widget_text panel-first-child panel-last-child\" data-index=\"0\" >\t\t\t<div class=\"textwidget\"><p style=\"background: white;\"><strong><span style=\"font-size: 15pt; font-family: 'Arial','sans-serif'; color: #131313;\">Cartographie TD Ecotrail \u00a0250HP pour Yamaha Sidewinder Arctic Cat Thundercat ZR9000<\/span><\/strong><\/p>\n<p style=\"background: white;\"><strong><span style=\"font-size: 15pt; font-family: 'Arial','sans-serif'; color: #131313;\">Pour une description compl\u00e8te et \u00e0 jour du produit, veuillez consulter la <a href=\"http:\/\/turbodynamics.mybigcommerce.com\">page du produit<\/a>.<\/span><\/strong><\/p>\n<\/div>\n\t\t<\/div><\/div><\/div><div id=\"pg-595-1\"  class=\"panel-grid panel-no-style\" ><div id=\"pgc-595-1-0\"  class=\"panel-grid-cell\" ><div id=\"panel-595-1-0-0\" class=\"so-panel widget widget_media_image panel-first-child panel-last-child\" data-index=\"1\" ><img decoding=\"async\" width=\"300\" height=\"209\" src=\"https:\/\/gapinnovation.com\/turbodynamics\/wp-content\/uploads\/sites\/6\/2018\/09\/jukebox-TD-7-300x209.png\" class=\"image wp-image-410  attachment-medium size-medium\" alt=\"\" style=\"max-width: 100%; height: auto;\" srcset=\"https:\/\/gapinnovation.com\/turbodynamics\/wp-content\/uploads\/sites\/6\/2018\/09\/jukebox-TD-7-300x209.png 300w, https:\/\/gapinnovation.com\/turbodynamics\/wp-content\/uploads\/sites\/6\/2018\/09\/jukebox-TD-7-100x70.png 100w, https:\/\/gapinnovation.com\/turbodynamics\/wp-content\/uploads\/sites\/6\/2018\/09\/jukebox-TD-7-600x417.png 600w, https:\/\/gapinnovation.com\/turbodynamics\/wp-content\/uploads\/sites\/6\/2018\/09\/jukebox-TD-7.png 683w\" sizes=\"(max-width: 300px) 100vw, 300px\" \/><\/div><\/div><div id=\"pgc-595-1-1\"  class=\"panel-grid-cell\" ><div id=\"panel-595-1-1-0\" class=\"so-panel widget widget_text panel-first-child panel-last-child\" data-index=\"2\" >\t\t\t<div class=\"textwidget\"><p style=\"font-size: 14.0pt; color: black;\">Nous avons test\u00e9 cette cartographie et elle produit 129,3 hp \u00e0 la chenille contre 106 pour la cartographie d&rsquo;origine en utilisant notre silencieux TD Turbo Force.<\/p>\n<p style=\"font-size: 14.0pt; color: black;\">Cela \u00e9quivaut a 258 HP par rapport \u00e0 212 HP au moteur, un gain de 21,6% en HP.<\/p>\n<p style=\"font-size: 14.0pt; color: black;\">Cette cartographie augmente le niveau de boost de 9,9 psi \u00e0 13 psi.<\/p>\n<p style=\"font-size: 14.0pt; color: black;\">Il a \u00e9t\u00e9 con\u00e7u pour \u00eatre fiable tout en fournissant un gain important de HP. Fonctionne parfaitement avec de l&rsquo;essence ayant un indice d&rsquo;octane de 87 a 91.<\/p>\n<p style=\"font-size: 14.0pt; color: black;\"><strong>Tous<\/strong><\/p>\n<ul>\n<li>\n<p style=\"font-size: 14.0pt; color: black;\">Indice d\u2019octane de 87 a 91<\/p>\n<\/li>\n<\/ul>\n<p style=\"font-size: 14.0pt; color: black;\"><strong>Ecotrail, 250 HP<\/strong><\/p>\n<ul>\n<li>\n<p style=\"font-size: 14.0pt; color: black;\">Silencieux a haut d\u00e9bit TD (Super Quiet etc)<\/p>\n<\/li>\n<li>\n<p style=\"font-size: 14.0pt; color: black;\"> Modification d\u2019embrayage<\/p>\n<\/li>\n<\/ul>\n<p style=\"font-size: 14.0pt; color: black;\"><strong>Ecotrail SMM, 240 HP<\/strong><\/p>\n<ul>\n<li>\n<p style=\"font-size: 14.0pt; color: black;\">Silencieux d&rsquo;origine modifi\u00e9 TD (Stock Modified Muffler)<\/p>\n<\/li>\n<li>\n<p style=\"font-size: 14.0pt; color: black;\"> Modification d\u2019embrayage<\/p>\n<\/li>\n<\/ul>\n<p style=\"font-size: 14.0pt; color: black;\"><strong>Ecotrail SM, 230 HP<\/strong><\/p>\n<ul>\n<li>\n<p style=\"font-size: 14.0pt; color: black;\">Silencieux original<\/p>\n<\/li>\n<\/ul>\n<p style=\"font-size: 14.0pt; color: black;\">Cette cartographie est dot\u00e9es du syst\u00e8me d\u2019affichage et de protection contre le cognement (knock). L\u2019affichage du ratio Air Essence (lorsque le syst\u00e8me AFR en option a \u00e9t\u00e9 achet\u00e9) ou du Boost (pression de suralimentation) sur le tableau de bord est inclus*.<\/p>\n<p style=\"font-size: 14.0pt; color: black;\">La cartographie originale (stock) est \u00e9galement incluse et peut \u00eatre appliqu\u00e9e si n\u00e9cessaire.<\/p>\n<p style=\"font-size: 14.0pt; color: black;\">*Affichage de base. Consulter la mise \u00e0 jour du tableau de bord pour la version am\u00e9lior\u00e9e.<\/p>\n<\/div>\n\t\t<\/div><\/div><\/div><\/div>","protected":false},"excerpt":{"rendered":"<p>TD Stage 1, Ecotrail 230 vers 250HP pour Sidewinder et AC Thundercat ZR9000<\/p>\n","protected":false},"featured_media":896,"comment_status":"open","ping_status":"closed","template":"","meta":[],"product_cat":[36,39],"product_tag":[],"class_list":{"0":"post-595","1":"product","2":"type-product","3":"status-publish","4":"has-post-thumbnail","6":"product_cat-tunes-fr","7":"product_cat-yamaha-arctic-cat-fr","8":"dc_vendor_shop-turbodynamics","11":"first","12":"instock","13":"sale","14":"virtual","15":"taxable","16":"purchasable","17":"product-type-composite"},"composite_layout":"single","composite_add_to_cart_form_location":"default","composite_editable_in_cart":false,"composite_sold_individually_context":"product","composite_shop_price_calc":"defaults","composite_components":[{"id":"1601472622","title":"Contr\u00f4le de l\u2019injection de carburant en boucle ferm\u00e9e","description":"<p style=\"background: white\"><span style=\"font-size: 14pt;color: #131313\">Contr\u00f4le en boucle ferm\u00e9e du m\u00e9langer air\/essence. Pour une description d\u00e9taill\u00e9e,  <a href=\"https:\/\/gapinnovation.com\/turbodynamics\/fr\/produit\/controle-carburant\/\">cliquer ici<\/a>. <\/span><\/strong><\/p>\n","query_type":"product_ids","query_ids":[1557],"default_option_id":"","thumbnail_id":"","thumbnail_src":"","quantity_min":0,"quantity_max":100,"priced_individually":true,"shipped_individually":true,"optional":true,"discount":"","options_style":"radios","pagination_style":"classic","display_prices":"absolute","show_sorting_options":false,"show_filtering_options":false,"attribute_filter_ids":[],"product_title_visible":true,"product_descr_visible":true,"product_price_visible":true,"product_thumb_visible":true,"subtotal_visible_product":true,"subtotal_visible_cart":true,"subtotal_visible_orders":true},{"id":"1571758769","title":"Mise \u00e0 jour du tableau de bord (jauge, cluster\u2026)","description":"<p style=\"background: white\"><span style=\"font-size: 14pt;color: #131313\">S\u00e9lection de la cartographie instantan\u00e9e, valeurs en temps r\u00e9el et plus. Pour une description d\u00e9taill\u00e9e,  <a href=\"https:\/\/gapinnovation.com\/turbodynamics\/fr\/produit\/instrument-cluster-dash-gauge-update\/\">cliquer ici<\/a>. <\/span><\/strong><\/p>\n","query_type":"product_ids","query_ids":[249],"default_option_id":"","thumbnail_id":"","thumbnail_src":"","quantity_min":0,"quantity_max":100,"priced_individually":true,"shipped_individually":true,"optional":true,"discount":"","options_style":"radios","pagination_style":"classic","display_prices":"absolute","show_sorting_options":false,"show_filtering_options":false,"attribute_filter_ids":[],"product_title_visible":true,"product_descr_visible":true,"product_price_visible":true,"product_thumb_visible":true,"subtotal_visible_product":true,"subtotal_visible_cart":true,"subtotal_visible_orders":true},{"id":"1571758770","title":"Contr\u00f4le de lancement (Anti-Retard, Anti-Lag)","description":"<p style=\"background: white\"><span style=\"font-size: 14pt;color: #131313\">Pour une description d\u00e9taill\u00e9e,  <a href=\"https:\/\/gapinnovation.com\/turbodynamics\/fr\/produit\/controle-de-lancement-anti-retard-anti-lag\/\">cliquer ici<\/a>. <\/span><\/strong><\/p>\n","query_type":"product_ids","query_ids":[119],"default_option_id":"","thumbnail_id":"","thumbnail_src":"","quantity_min":0,"quantity_max":100,"priced_individually":true,"shipped_individually":true,"optional":true,"discount":"","options_style":"radios","pagination_style":"classic","display_prices":"absolute","show_sorting_options":false,"show_filtering_options":false,"attribute_filter_ids":[],"product_title_visible":true,"product_descr_visible":true,"product_price_visible":true,"product_thumb_visible":true,"subtotal_visible_product":true,"subtotal_visible_cart":true,"subtotal_visible_orders":true},{"id":"1571758771","title":"Enregistreur de donn\u00e9es (datalogger)","description":"<p style=\"background: white\"><span style=\"font-size: 14pt;color: #131313\">Enregistrer, consulter et analyser les donn\u00e9es moteur. Pour une description d\u00e9taill\u00e9e,  <a href=\"https:\/\/gapinnovation.com\/turbodynamics\/fr\/produit\/enregistreur-de-donnees-datalogger\/\">cliquer ici<\/a>. <\/span><\/strong><\/p>\n","query_type":"product_ids","query_ids":[222],"default_option_id":"","thumbnail_id":"","thumbnail_src":"","quantity_min":0,"quantity_max":100,"priced_individually":true,"shipped_individually":true,"optional":true,"discount":"","options_style":"radios","pagination_style":"classic","display_prices":"absolute","show_sorting_options":false,"show_filtering_options":false,"attribute_filter_ids":[],"product_title_visible":true,"product_descr_visible":true,"product_price_visible":true,"product_thumb_visible":true,"subtotal_visible_product":true,"subtotal_visible_cart":true,"subtotal_visible_orders":true}],"composite_scenarios":[],"_links":{"self":[{"href":"https:\/\/gapinnovation.com\/turbodynamics\/fr\/wp-json\/wp\/v2\/product\/595"}],"collection":[{"href":"https:\/\/gapinnovation.com\/turbodynamics\/fr\/wp-json\/wp\/v2\/product"}],"about":[{"href":"https:\/\/gapinnovation.com\/turbodynamics\/fr\/wp-json\/wp\/v2\/types\/product"}],"replies":[{"embeddable":true,"href":"https:\/\/gapinnovation.com\/turbodynamics\/fr\/wp-json\/wp\/v2\/comments?post=595"}],"wp:featuredmedia":[{"embeddable":true,"href":"https:\/\/gapinnovation.com\/turbodynamics\/fr\/wp-json\/wp\/v2\/media\/896"}],"wp:attachment":[{"href":"https:\/\/gapinnovation.com\/turbodynamics\/fr\/wp-json\/wp\/v2\/media?parent=595"}],"wp:term":[{"taxonomy":"product_cat","embeddable":true,"href":"https:\/\/gapinnovation.com\/turbodynamics\/fr\/wp-json\/wp\/v2\/product_cat?post=595"},{"taxonomy":"product_tag","embeddable":true,"href":"https:\/\/gapinnovation.com\/turbodynamics\/fr\/wp-json\/wp\/v2\/product_tag?post=595"}],"curies":[{"name":"wp","href":"https:\/\/api.w.org\/{rel}","templated":true}]}}