{"id":385,"date":"2018-09-12T13:05:37","date_gmt":"2018-09-12T17:05:38","guid":{"rendered":"https:\/\/gapinnovation.com\/turbodynamics\/?post_type=product&#038;p=385"},"modified":"2020-10-09T14:33:09","modified_gmt":"2020-10-09T18:33:09","slug":"td-stage-2","status":"publish","type":"product","link":"https:\/\/gapinnovation.com\/turbodynamics\/fr\/produit\/td-stage-2\/","title":{"rendered":"TD Stage 2, Powertrail 250 vers 275 HP ECU reflash pour Sidewinder SRX et ZR9000 \/ Thundercat"},"content":{"rendered":"<div id=\"pl-385\"  class=\"panel-layout\" ><div id=\"pg-385-0\"  class=\"panel-grid panel-no-style\" ><div id=\"pgc-385-0-0\"  class=\"panel-grid-cell\" ><div id=\"panel-385-0-0-0\" class=\"so-panel widget widget_text panel-first-child panel-last-child\" data-index=\"0\" >\t\t\t<div class=\"textwidget\"><p style=\"background: white;\"><strong><span style=\"font-size: 15pt; font-family: 'Arial','sans-serif'; color: #131313;\">La cartographie pour sentiers la plus fiable et la plus puissante du march\u00e9. Ne risquez pas votre moteur sur une cartographie moins ch\u00e8re.<\/span><\/strong><\/p>\n<p style=\"background: white;\"><strong><span style=\"font-size: 15pt; font-family: 'Arial','sans-serif'; color: #131313;\">Pour une description compl\u00e8te et \u00e0 jour du produit, veuillez consulter la <a href=\"http:\/\/turbodynamics.mybigcommerce.com\">page du produit<\/a>.<\/span><\/strong><\/p>\n<\/div>\n\t\t<\/div><\/div><\/div><div id=\"pg-385-1\"  class=\"panel-grid panel-no-style\" ><div id=\"pgc-385-1-0\"  class=\"panel-grid-cell\" ><div id=\"panel-385-1-0-0\" class=\"so-panel widget widget_media_image panel-first-child panel-last-child\" data-index=\"1\" ><img decoding=\"async\" width=\"300\" height=\"209\" src=\"https:\/\/gapinnovation.com\/turbodynamics\/wp-content\/uploads\/sites\/6\/2018\/09\/jukebox-TD-20-300x209.png\" class=\"image wp-image-391  attachment-medium size-medium\" alt=\"\" style=\"max-width: 100%; height: auto;\" srcset=\"https:\/\/gapinnovation.com\/turbodynamics\/wp-content\/uploads\/sites\/6\/2018\/09\/jukebox-TD-20-300x209.png 300w, https:\/\/gapinnovation.com\/turbodynamics\/wp-content\/uploads\/sites\/6\/2018\/09\/jukebox-TD-20-100x70.png 100w, https:\/\/gapinnovation.com\/turbodynamics\/wp-content\/uploads\/sites\/6\/2018\/09\/jukebox-TD-20-600x417.png 600w, https:\/\/gapinnovation.com\/turbodynamics\/wp-content\/uploads\/sites\/6\/2018\/09\/jukebox-TD-20.png 683w\" sizes=\"(max-width: 300px) 100vw, 300px\" \/><\/div><\/div><div id=\"pgc-385-1-1\"  class=\"panel-grid-cell\" ><div id=\"panel-385-1-1-0\" class=\"so-panel widget widget_text panel-first-child panel-last-child\" data-index=\"2\" >\t\t\t<div class=\"textwidget\"><p style=\"font-size: 14.0pt; color: black;\">14.7 psi de boost (pression de suralimentation a 4.9 psi de plus que d&rsquo;origine, 2 psi de plus que la TD Ecotrail)<\/p>\n<p style=\"font-size: 14.0pt; color: black;\">Cette carte s\u2019est r\u00e9v\u00e9l\u00e9e fiable avec du carburant \u00e0 indice 91 octanes et plus. Soumise \u00e0 de nombreux tests avec la commande des gaz au maximum sur une distance de plus de 4 000 pieds, atteignant des vitesses de 132 mph GPS sur la neige \u00e0 137 mph sur la glace.<\/p>\n<p style=\"font-size: 14.0pt; color: black;\">Cette cartographie transformera votre Yamaha Sidewinder ou Arctic Cat\u00a0 en une v\u00e9ritable fus\u00e9e<\/p>\n<p style=\"font-size: 14.0pt; color: black;\">Associ\u00e9 \u00e0 notre silencieux TD Turbo Force, elle fournira jusqu&rsquo;\u00e0 270 HP! Compar\u00e9 \u00e0 212hp pour la cartographie originale que nous avons test\u00e9 sur notre dynamom\u00e8tre.<\/p>\n<p style=\"font-size: 14.0pt; color: black;\">Cette cartographie conserve toute la maniabilit\u00e9 d&rsquo;origine mais lorsque vous d\u00e9passez 3\/4 de manette des gaz, vous obtenez une puissance douce mais tr\u00e8s impressionnante et durable.<\/p>\n<p style=\"font-size: 14.0pt; color: black;\">Turbo Dynamics est r\u00e9put\u00e9 pour produire des cartographies tr\u00e8s s\u00fbre, performante et efficace.<\/p>\n<p style=\"font-size: 14.0pt; color: black;\"><strong>Tous<\/strong><\/p>\n<ul>\n<li>\n<p style=\"font-size: 14.0pt; color: black;\">Indice d&rsquo;octane 87 minimum, 91 recommend\u00e9<\/p>\n<\/li>\n<li>\n<p style=\"font-size: 14.0pt; color: black;\">Modification d\u2019embrayage<\/p>\n<\/li>\n<\/ul>\n<p style=\"font-size: 14.0pt; color: black;\"><strong>Powertrail CAI, 275 HP<\/strong><\/p>\n<ul>\n<li>\n<p style=\"font-size: 14.0pt; color: black;\">Silencieux a haut d\u00e9bit TD (Super Quiet etc)<\/p>\n<\/li>\n<li>\n<p style=\"font-size: 14.0pt; color: black;\">Entr\u00e9e d\u2019air am\u00e9lior\u00e9e TD (Cold Air Intake)<\/p>\n<\/li>\n<\/ul>\n<p style=\"font-size: 14.0pt; color: black;\"><strong>Powertrail, 270 HP<\/strong><\/p>\n<ul>\n<li>\n<p style=\"font-size: 14.0pt; color: black;\">Silencieux a haut d\u00e9bit TD (Super Quiet etc)<\/p>\n<\/li>\n<\/ul>\n<p style=\"font-size: 14.0pt; color: black;\"><strong>Powertrail SMM, 260 HP<\/strong><\/p>\n<ul>\n<li>\n<p style=\"font-size: 14.0pt; color: black;\">TD\u00a0Stock Modified Muffler<\/p>\n<\/li>\n<\/ul>\n<p style=\"font-size: 14.0pt; color: black;\"><strong>Powertrail SM, 250 HP<\/strong><\/p>\n<ul>\n<li>\n<p style=\"font-size: 14.0pt; color: black;\">Stock Muffler<\/p>\n<\/li>\n<\/ul>\n<p style=\"font-size: 14.0pt; color: black;\">Ces cartographies sont dot\u00e9es du syst\u00e8me d\u2019affichage et de protection contre le cognement (knock). L\u2019affichage du ratio Air Essence (lorsque le syst\u00e8me AFR en option a \u00e9t\u00e9 achet\u00e9) ou du Boost (pression de suralimentation) sur le tableau de bord est inclus*.<\/p>\n<p style=\"font-size: 14.0pt; color: black;\">La cartographie originale (stock) est \u00e9galement incluse et peut \u00eatre appliqu\u00e9e si n\u00e9cessaire.<\/p>\n<p style=\"font-size: 14.0pt; color: black;\">*Affichage de base. Consulter la mise \u00e0 jour du tableau de bord pour la version am\u00e9lior\u00e9e.<\/p>\n<\/div>\n\t\t<\/div><\/div><\/div><\/div>","protected":false},"excerpt":{"rendered":"<p style=\"text-align: left;\">TD Stage 2, Powertrail 250 vers 275 HP ECU reflash pour Sidewinder SRX et ZR9000 \/ Thundercat<\/p>\n","protected":false},"featured_media":1482,"comment_status":"open","ping_status":"closed","template":"","meta":[],"product_cat":[39,36],"product_tag":[],"class_list":{"0":"post-385","1":"product","2":"type-product","3":"status-publish","4":"has-post-thumbnail","6":"product_cat-yamaha-arctic-cat-fr","7":"product_cat-tunes-fr","8":"dc_vendor_shop-turbodynamics","11":"first","12":"instock","13":"sale","14":"virtual","15":"taxable","16":"purchasable","17":"product-type-composite"},"composite_layout":"single","composite_add_to_cart_form_location":"default","composite_editable_in_cart":false,"composite_sold_individually_context":"product","composite_shop_price_calc":"min_max","composite_components":[{"id":"1601471652","title":"Contr\u00f4le de l\u2019injection de carburant en boucle ferm\u00e9e","description":"<p style=\"background: white\"><span style=\"font-size: 14pt;color: #131313\">Contr\u00f4le en boucle ferm\u00e9e du m\u00e9langer air\/essence. Pour une description d\u00e9taill\u00e9e,  <a href=\"https:\/\/gapinnovation.com\/turbodynamics\/fr\/produit\/controle-carburant\/\">cliquer ici<\/a>. <\/span><\/strong><\/p>\n","query_type":"product_ids","query_ids":[1557],"default_option_id":"","thumbnail_id":"","thumbnail_src":"","quantity_min":0,"quantity_max":100,"priced_individually":true,"shipped_individually":true,"optional":true,"discount":"","options_style":"radios","pagination_style":"classic","display_prices":"absolute","show_sorting_options":false,"show_filtering_options":false,"attribute_filter_ids":[],"product_title_visible":true,"product_descr_visible":true,"product_price_visible":true,"product_thumb_visible":true,"subtotal_visible_product":true,"subtotal_visible_cart":true,"subtotal_visible_orders":true},{"id":"1571765134","title":"Instrument Cluster (dash, gauge\u2026) ReFlash","description":"<p style=\"background: white\"><span style=\"font-size: 14pt;color: #131313\">Tune switching, data on cluster and more. For a complete and up to date product description,  <a href=\"https:\/\/gapinnovation.com\/turbodynamics\/product\/instrument-cluster-dash-gauge-update\/\">click here<\/a>. <\/span><\/strong><\/p>\n","query_type":"product_ids","query_ids":[249],"default_option_id":"","thumbnail_id":"","thumbnail_src":"","quantity_min":0,"quantity_max":100,"priced_individually":true,"shipped_individually":true,"optional":true,"discount":"","options_style":"radios","pagination_style":"classic","display_prices":"absolute","show_sorting_options":false,"show_filtering_options":false,"attribute_filter_ids":[],"product_title_visible":true,"product_descr_visible":true,"product_price_visible":true,"product_thumb_visible":true,"subtotal_visible_product":true,"subtotal_visible_cart":true,"subtotal_visible_orders":true},{"id":"1571765135","title":"Antilag \/ Launch Control","description":"<p style=\"background: white\"><span style=\"font-size: 14pt;color: #131313\">For a complete and up to date product description,  <a href=\"https:\/\/gapinnovation.com\/turbodynamics\/product\/launchcontrol\/\">click here<\/a>. <\/span><\/strong><\/p>\n","query_type":"product_ids","query_ids":[119],"default_option_id":"","thumbnail_id":"","thumbnail_src":"","quantity_min":0,"quantity_max":100,"priced_individually":true,"shipped_individually":true,"optional":true,"discount":"","options_style":"radios","pagination_style":"classic","display_prices":"absolute","show_sorting_options":false,"show_filtering_options":false,"attribute_filter_ids":[],"product_title_visible":true,"product_descr_visible":true,"product_price_visible":true,"product_thumb_visible":true,"subtotal_visible_product":true,"subtotal_visible_cart":true,"subtotal_visible_orders":true},{"id":"1571765136","title":"Data Logger","description":"<p style=\"background: white\"><span style=\"font-size: 14pt;color: #131313\">Recording, viewing and analysing engine data. For a complete and up to date product description,  <a href=\"https:\/\/gapinnovation.com\/turbodynamics\/product\/datalogger\/\">click here<\/a>. <\/span><\/strong><\/p>\n","query_type":"product_ids","query_ids":[222],"default_option_id":"","thumbnail_id":"","thumbnail_src":"","quantity_min":0,"quantity_max":100,"priced_individually":true,"shipped_individually":true,"optional":true,"discount":"","options_style":"radios","pagination_style":"classic","display_prices":"absolute","show_sorting_options":false,"show_filtering_options":false,"attribute_filter_ids":[],"product_title_visible":true,"product_descr_visible":true,"product_price_visible":true,"product_thumb_visible":true,"subtotal_visible_product":true,"subtotal_visible_cart":true,"subtotal_visible_orders":true}],"composite_scenarios":[],"_links":{"self":[{"href":"https:\/\/gapinnovation.com\/turbodynamics\/fr\/wp-json\/wp\/v2\/product\/385"}],"collection":[{"href":"https:\/\/gapinnovation.com\/turbodynamics\/fr\/wp-json\/wp\/v2\/product"}],"about":[{"href":"https:\/\/gapinnovation.com\/turbodynamics\/fr\/wp-json\/wp\/v2\/types\/product"}],"replies":[{"embeddable":true,"href":"https:\/\/gapinnovation.com\/turbodynamics\/fr\/wp-json\/wp\/v2\/comments?post=385"}],"wp:featuredmedia":[{"embeddable":true,"href":"https:\/\/gapinnovation.com\/turbodynamics\/fr\/wp-json\/wp\/v2\/media\/1482"}],"wp:attachment":[{"href":"https:\/\/gapinnovation.com\/turbodynamics\/fr\/wp-json\/wp\/v2\/media?parent=385"}],"wp:term":[{"taxonomy":"product_cat","embeddable":true,"href":"https:\/\/gapinnovation.com\/turbodynamics\/fr\/wp-json\/wp\/v2\/product_cat?post=385"},{"taxonomy":"product_tag","embeddable":true,"href":"https:\/\/gapinnovation.com\/turbodynamics\/fr\/wp-json\/wp\/v2\/product_tag?post=385"}],"curies":[{"name":"wp","href":"https:\/\/api.w.org\/{rel}","templated":true}]}}