{"id":222,"date":"2017-10-09T16:51:17","date_gmt":"2018-08-31T20:51:17","guid":{"rendered":"https:\/\/gapinnovation.com\/turbodynamics\/?post_type=product&#038;p=222"},"modified":"2020-10-01T02:43:32","modified_gmt":"2020-10-01T06:43:32","slug":"enregistreur-de-donnees-datalogger","status":"publish","type":"product","link":"https:\/\/gapinnovation.com\/turbodynamics\/fr\/produit\/enregistreur-de-donnees-datalogger\/","title":{"rendered":"Enregistreur de donn\u00e9es (datalogger)"},"content":{"rendered":"<p style=\"background: white;\"><span style=\"font-size: 14pt; font-family: 'Arial','sans-serif'; color: #131313;\">Le module compl\u00e9mentaire d&rsquo;enregistrement de donn\u00e9es pour Yamaha Sidewinder, Arctic Cat serie 9000 et Thundercat enregistre les donn\u00e9es moteur et ce jusqu&rsquo;a 30 fois secondes.<br \/>\n<\/span><\/p>\n<p style=\"background: white;\"><span style=\"font-size: 14pt; font-family: 'Arial','sans-serif'; color: #131313;\">Les enregistrements peuvent \u00eatre consult\u00e9s ult\u00e9rieurement \u00e0 l&rsquo;aide de l&rsquo;interface graphique de l&rsquo;application mobile. Ils peuvent aussi \u00eatre partag\u00e9s au fournisseur de cartographie ou \u00e0 d&rsquo;autres utilisateurs.<br \/>\n<\/span><\/p>\n<p style=\"background: white;\"><span style=\"font-size: 14pt; font-family: 'Arial','sans-serif'; color: #131313;\">Excellent pour des ajustements pr\u00e9cis (embrayage, etc) lors de courses ou les randonn\u00e9es agressives. Peut-\u00eatre associ\u00e9 au module AFR O2 pour des donn\u00e9es plus d\u00e9taill\u00e9es.<\/span><\/p>\n<p style=\"background: white;\"><span style=\"font-size: 14pt; font-family: 'Arial','sans-serif'; color: #131313;\">Plus de d\u00e9tails concernant cette fonctionnalit\u00e9 sont disponibles dans le manuel de l&rsquo;utilisateur.<\/span><\/p>\n<p style=\"background: white;\"><strong><span style=\"font-size: 14pt; font-family: 'Arial','sans-serif'; color: #131313;\">L&rsquo;enregistreur de donn\u00e9es fonctionne seulement avec une cartographie moteur provenant du m\u00eame fournisseur.<\/span><\/strong><\/p>\n<p>&nbsp;<\/p>\n<p>&nbsp;<\/p>\n","protected":false},"excerpt":{"rendered":"<p>Enregistreur de donn\u00e9es (datalogger)<\/p>\n","protected":false},"featured_media":224,"comment_status":"open","ping_status":"closed","template":"","meta":[],"product_cat":[39,35],"product_tag":[],"class_list":{"0":"post-222","1":"product","2":"type-product","3":"status-publish","4":"has-post-thumbnail","6":"product_cat-yamaha-arctic-cat-fr","7":"product_cat-add-ons-fr","8":"dc_vendor_shop-turbodynamics","11":"first","12":"instock","13":"virtual","14":"taxable","15":"purchasable","16":"product-type-simple"},"composite_layout":"","composite_add_to_cart_form_location":"","composite_editable_in_cart":false,"composite_sold_individually_context":"","composite_shop_price_calc":"","composite_components":[],"composite_scenarios":[],"_links":{"self":[{"href":"https:\/\/gapinnovation.com\/turbodynamics\/fr\/wp-json\/wp\/v2\/product\/222"}],"collection":[{"href":"https:\/\/gapinnovation.com\/turbodynamics\/fr\/wp-json\/wp\/v2\/product"}],"about":[{"href":"https:\/\/gapinnovation.com\/turbodynamics\/fr\/wp-json\/wp\/v2\/types\/product"}],"replies":[{"embeddable":true,"href":"https:\/\/gapinnovation.com\/turbodynamics\/fr\/wp-json\/wp\/v2\/comments?post=222"}],"wp:featuredmedia":[{"embeddable":true,"href":"https:\/\/gapinnovation.com\/turbodynamics\/fr\/wp-json\/wp\/v2\/media\/224"}],"wp:attachment":[{"href":"https:\/\/gapinnovation.com\/turbodynamics\/fr\/wp-json\/wp\/v2\/media?parent=222"}],"wp:term":[{"taxonomy":"product_cat","embeddable":true,"href":"https:\/\/gapinnovation.com\/turbodynamics\/fr\/wp-json\/wp\/v2\/product_cat?post=222"},{"taxonomy":"product_tag","embeddable":true,"href":"https:\/\/gapinnovation.com\/turbodynamics\/fr\/wp-json\/wp\/v2\/product_tag?post=222"}],"curies":[{"name":"wp","href":"https:\/\/api.w.org\/{rel}","templated":true}]}}