{"id":1561,"date":"2011-07-22T13:56:58","date_gmt":"2011-08-22T17:56:58","guid":{"rendered":"https:\/\/gapinnovation.com\/turbodynamics\/?post_type=product&#038;p=1561"},"modified":"2020-09-30T13:53:33","modified_gmt":"2020-09-30T17:53:33","slug":"migration-license","status":"publish","type":"product","link":"https:\/\/gapinnovation.com\/turbodynamics\/fr\/produit\/migration-license\/","title":{"rendered":"Migration au syst\u00e8me de License"},"content":{"rendered":"<div id=\"pl-1561\"  class=\"panel-layout\" ><div id=\"pg-1561-0\"  class=\"panel-grid panel-no-style\" ><div id=\"pgc-1561-0-0\"  class=\"panel-grid-cell\" ><div id=\"panel-1561-0-0-0\" class=\"so-panel widget widget_text panel-first-child panel-last-child\" data-index=\"0\" >\t\t\t<div class=\"textwidget\"><p style=\"background: white;\"><span style=\"color: #131313; font-family: Arial, sans-serif;\"><span style=\"font-size: 20px;\"><b>Cet achat permet la migration vers le nouveau syst\u00e8me de license. <\/b><\/span><\/span><\/p>\n<p style=\"background: white;\"><span style=\"font-size: 15pt; font-family: 'Arial','sans-serif'; color: #131313;\">Avoir acc\u00e8s \u00e0 l&rsquo;achat de ce produit confirme que le v\u00e9hicule actuellement s\u00e9lectionn\u00e9 (VIN) se trouve sur l&rsquo;ancienne plate-forme. <\/span><\/p>\n<p style=\"background: white;\"><span style=\"font-size: 15pt; font-family: 'Arial','sans-serif'; color: #131313;\">Les produits r\u00e9guliers seront visibles pour ce v\u00e9hicule apr\u00e8s l&rsquo;achat. L&rsquo;achat de ce produit est obligatoire pour;<\/span><\/p>\n<ul>\n<li><span style=\"font-size: 15pt; font-family: 'Arial','sans-serif'; color: #131313;\">Modifier la configuration mat\u00e9rielle du v\u00e9hicule (silencieux, etc) et obtenir la cartographie appropri\u00e9e.<\/span><\/li>\n<li><span style=\"font-size: 15pt; font-family: 'Arial','sans-serif'; color: #131313;\">Obtenir les am\u00e9liorations de cartographie moteur et combin\u00e9 d&rsquo;instrument 2020.<\/span><\/li>\n<li><span style=\"font-size: 15pt; font-family: 'Arial','sans-serif'; color: #131313;\">L&rsquo;achat de l&rsquo;Anti-Retard V3<\/span><\/li>\n<li style=\"background: white;\"><span style=\"font-size: 15pt; font-family: 'Arial','sans-serif'; color: #131313;\">L&rsquo;achat du contr\u00f4le de puissance suite au lancement<\/span><\/li>\n<li style=\"background: white;\"><span style=\"font-size: 15pt; font-family: 'Arial','sans-serif'; color: #131313;\">L&rsquo;achat du contr\u00f4le de l\u2019injection de carburant en boucle ferm\u00e9e<br \/>\n<\/span><\/li>\n<li><span style=\"font-size: 15pt; font-family: 'Arial','sans-serif'; color: #131313;\">L&rsquo;achat du contr\u00f4le de la traction pour CoPiTrail<\/span><\/li>\n<\/ul>\n<\/div>\n\t\t<\/div><\/div><\/div><\/div>","protected":false},"excerpt":{"rendered":"<p>Migration au syst\u00e8me de License<\/p>\n","protected":false},"featured_media":1477,"comment_status":"open","ping_status":"closed","template":"","meta":[],"product_cat":[39,25],"product_tag":[],"class_list":{"0":"post-1561","1":"product","2":"type-product","3":"status-publish","4":"has-post-thumbnail","6":"product_cat-yamaha-arctic-cat-fr","7":"product_cat-upgrade-fr","8":"dc_vendor_shop-turbodynamics","11":"first","12":"instock","13":"virtual","14":"sold-individually","15":"taxable","16":"purchasable","17":"product-type-composite"},"composite_layout":"single","composite_add_to_cart_form_location":"default","composite_editable_in_cart":false,"composite_sold_individually_context":"product","composite_shop_price_calc":"defaults","composite_components":[{"id":"1601473059","title":"Contr\u00f4le de l\u2019injection de carburant en boucle ferm\u00e9e","description":"<p>Disponible bientot<\/p>\n<p style=\"background: white\"><span style=\"font-size: 14pt;color: #131313\">Contr\u00f4le en boucle ferm\u00e9e du m\u00e9langer air\/essence. Pour une description d\u00e9taill\u00e9e,  <a href=\"https:\/\/gapinnovation.com\/turbodynamics\/fr\/produit\/controle-carburant\/\">cliquer ici<\/a>. <\/span><\/strong><\/p>\n","query_type":"product_ids","query_ids":[1557],"default_option_id":"","thumbnail_id":"","thumbnail_src":"","quantity_min":1,"quantity_max":1,"priced_individually":true,"shipped_individually":true,"optional":true,"discount":"","options_style":"radios","pagination_style":"classic","display_prices":"absolute","show_sorting_options":false,"show_filtering_options":false,"attribute_filter_ids":[],"product_title_visible":true,"product_descr_visible":true,"product_price_visible":true,"product_thumb_visible":true,"subtotal_visible_product":true,"subtotal_visible_cart":true,"subtotal_visible_orders":true},{"id":"1538068707","title":"Mise \u00e0 jour du tableau de bord (jauge, cluster\u2026)","description":"<p style=\"background: white\"><span style=\"font-size: 14pt;color: #131313\">S\u00e9lection de la cartographie instantan\u00e9e, valeurs en temps r\u00e9el et plus. Pour une description d\u00e9taill\u00e9e,  <a href=\"https:\/\/gapinnovation.com\/turbodynamics\/fr\/produit\/instrument-cluster-dash-gauge-update\/\">cliquer ici<\/a>. <\/span><\/strong><\/p>\n","query_type":"product_ids","query_ids":[249],"default_option_id":"","thumbnail_id":"","thumbnail_src":"","quantity_min":1,"quantity_max":1,"priced_individually":true,"shipped_individually":true,"optional":true,"discount":"","options_style":"radios","pagination_style":"classic","display_prices":"absolute","show_sorting_options":false,"show_filtering_options":false,"attribute_filter_ids":[],"product_title_visible":true,"product_descr_visible":true,"product_price_visible":true,"product_thumb_visible":true,"subtotal_visible_product":true,"subtotal_visible_cart":true,"subtotal_visible_orders":true},{"id":"1538068705","title":"Contr\u00f4le de lancement (Anti-Retard, Anti-Lag)","description":"<p style=\"background: white\"><span style=\"font-size: 14pt;color: #131313\">Pour une description d\u00e9taill\u00e9e,  <a href=\"https:\/\/gapinnovation.com\/turbodynamics\/fr\/produit\/controle-de-lancement-anti-retard-anti-lag\/\">cliquer ici<\/a>. <\/span><\/strong><\/p>\n","query_type":"product_ids","query_ids":[119],"default_option_id":"","thumbnail_id":"","thumbnail_src":"","quantity_min":1,"quantity_max":1,"priced_individually":true,"shipped_individually":true,"optional":true,"discount":"","options_style":"radios","pagination_style":"classic","display_prices":"absolute","show_sorting_options":false,"show_filtering_options":false,"attribute_filter_ids":[],"product_title_visible":true,"product_descr_visible":true,"product_price_visible":true,"product_thumb_visible":true,"subtotal_visible_product":true,"subtotal_visible_cart":true,"subtotal_visible_orders":true},{"id":"1538068706","title":"Enregistreur de donn\u00e9es (datalogger)","description":"<p style=\"background: white\"><span style=\"font-size: 14pt;color: #131313\">Enregistrer, consulter et analyser les donn\u00e9es moteur. Pour une description d\u00e9taill\u00e9e,  <a href=\"https:\/\/gapinnovation.com\/turbodynamics\/fr\/produit\/enregistreur-de-donnees-datalogger\/\">cliquer ici<\/a>. <\/span><\/strong><\/p>\n","query_type":"product_ids","query_ids":[222],"default_option_id":"","thumbnail_id":"","thumbnail_src":"","quantity_min":1,"quantity_max":1,"priced_individually":true,"shipped_individually":true,"optional":true,"discount":"","options_style":"radios","pagination_style":"classic","display_prices":"absolute","show_sorting_options":false,"show_filtering_options":false,"attribute_filter_ids":[],"product_title_visible":true,"product_descr_visible":true,"product_price_visible":true,"product_thumb_visible":true,"subtotal_visible_product":true,"subtotal_visible_cart":true,"subtotal_visible_orders":true}],"composite_scenarios":[],"_links":{"self":[{"href":"https:\/\/gapinnovation.com\/turbodynamics\/fr\/wp-json\/wp\/v2\/product\/1561"}],"collection":[{"href":"https:\/\/gapinnovation.com\/turbodynamics\/fr\/wp-json\/wp\/v2\/product"}],"about":[{"href":"https:\/\/gapinnovation.com\/turbodynamics\/fr\/wp-json\/wp\/v2\/types\/product"}],"replies":[{"embeddable":true,"href":"https:\/\/gapinnovation.com\/turbodynamics\/fr\/wp-json\/wp\/v2\/comments?post=1561"}],"wp:featuredmedia":[{"embeddable":true,"href":"https:\/\/gapinnovation.com\/turbodynamics\/fr\/wp-json\/wp\/v2\/media\/1477"}],"wp:attachment":[{"href":"https:\/\/gapinnovation.com\/turbodynamics\/fr\/wp-json\/wp\/v2\/media?parent=1561"}],"wp:term":[{"taxonomy":"product_cat","embeddable":true,"href":"https:\/\/gapinnovation.com\/turbodynamics\/fr\/wp-json\/wp\/v2\/product_cat?post=1561"},{"taxonomy":"product_tag","embeddable":true,"href":"https:\/\/gapinnovation.com\/turbodynamics\/fr\/wp-json\/wp\/v2\/product_tag?post=1561"}],"curies":[{"name":"wp","href":"https:\/\/api.w.org\/{rel}","templated":true}]}}