{"id":1315,"date":"2019-12-03T15:25:08","date_gmt":"2019-12-04T20:25:08","guid":{"rendered":"https:\/\/gapinnovation.com\/turbodynamics\/?post_type=product&#038;p=1315"},"modified":"2021-12-20T12:04:25","modified_gmt":"2021-12-20T17:04:25","slug":"td-stage-1-ecotrail-900-ace-turbo-2","status":"publish","type":"product","link":"https:\/\/gapinnovation.com\/turbodynamics\/fr\/produit\/td-stage-1-ecotrail-900-ace-turbo-2\/","title":{"rendered":"TD Stage 1, Ecotrail 200HP pour BRP 900 Ace Turbo"},"content":{"rendered":"<div id=\"pl-1315\"  class=\"panel-layout\" ><div id=\"pg-1315-0\"  class=\"panel-grid panel-no-style\" ><div id=\"pgc-1315-0-0\"  class=\"panel-grid-cell\" ><div id=\"panel-1315-0-0-0\" class=\"so-panel widget widget_text panel-first-child panel-last-child\" data-index=\"0\" >\t\t\t<div class=\"textwidget\"><p style=\"background: white;\"><strong><span style=\"font-size: 15pt; font-family: 'Arial','sans-serif'; color: #131313;\">Cartographie TD Ecotrail\u00a0 200HP pour BRP 900 Ace Turbo.<\/span><\/strong><\/p>\n<p style=\"background: white;\"><strong><span style=\"font-size: 15pt; font-family: 'Arial','sans-serif'; color: #131313;\">Pour une description compl\u00e8te et \u00e0 jour du produit, veuillez consulter la <a href=\"http:\/\/turbodynamics.mybigcommerce.com\" target=\"_blank\" rel=\"noopener\">page du produit<\/a>.<\/span><\/strong><\/p>\n<\/div>\n\t\t<\/div><\/div><\/div><div id=\"pg-1315-1\"  class=\"panel-grid panel-no-style\" ><div id=\"pgc-1315-1-0\"  class=\"panel-grid-cell\" ><div id=\"panel-1315-1-0-0\" class=\"so-panel widget widget_media_image panel-first-child panel-last-child\" data-index=\"1\" ><img decoding=\"async\" width=\"300\" height=\"209\" src=\"https:\/\/gapinnovation.com\/turbodynamics\/wp-content\/uploads\/sites\/6\/2018\/09\/jukebox-TD-7-300x209.png\" class=\"image wp-image-410  attachment-medium size-medium\" alt=\"\" style=\"max-width: 100%; height: auto;\" srcset=\"https:\/\/gapinnovation.com\/turbodynamics\/wp-content\/uploads\/sites\/6\/2018\/09\/jukebox-TD-7-300x209.png 300w, https:\/\/gapinnovation.com\/turbodynamics\/wp-content\/uploads\/sites\/6\/2018\/09\/jukebox-TD-7-100x70.png 100w, https:\/\/gapinnovation.com\/turbodynamics\/wp-content\/uploads\/sites\/6\/2018\/09\/jukebox-TD-7-600x417.png 600w, https:\/\/gapinnovation.com\/turbodynamics\/wp-content\/uploads\/sites\/6\/2018\/09\/jukebox-TD-7.png 683w\" sizes=\"(max-width: 300px) 100vw, 300px\" \/><\/div><\/div><div id=\"pgc-1315-1-1\"  class=\"panel-grid-cell\" ><div id=\"panel-1315-1-1-0\" class=\"so-panel widget widget_text panel-first-child panel-last-child\" data-index=\"2\" >\t\t\t<div class=\"textwidget\"><p style=\"font-size: 14.0pt; color: black;\">R\u00e9ponse imm\u00e9diate \u00e0 l&rsquo;acc\u00e9l\u00e9rateur.<\/p>\n<p style=\"font-size: 14.0pt; color: black;\">Puissante pour une cartographie stage 1&#8230;<\/p>\n<p style=\"font-size: 14.0pt; color: black;\">\n<\/div>\n\t\t<\/div><\/div><\/div><\/div>","protected":false},"excerpt":{"rendered":"<p>TD Stage 1, Ecotrail 200HP pour BRP 900 Ace Turbo<\/p>\n","protected":false},"featured_media":1524,"comment_status":"open","ping_status":"closed","template":"","meta":[],"product_cat":[43,36],"product_tag":[],"class_list":{"0":"post-1315","1":"product","2":"type-product","3":"status-publish","4":"has-post-thumbnail","6":"product_cat-brp-900t-sled-2","7":"product_cat-tunes-fr","8":"dc_vendor_shop-turbodynamics","11":"first","12":"instock","13":"virtual","14":"taxable","15":"purchasable","16":"product-type-composite"},"composite_layout":"single","composite_add_to_cart_form_location":"default","composite_editable_in_cart":false,"composite_sold_individually_context":"product","composite_shop_price_calc":"defaults","composite_components":[{"id":"1538127827","title":"Enregistreur de donn\u00e9es (datalogger)","description":"<p style=\"background: white\"><span style=\"font-size: 14pt;color: #131313\">Enregistrer, consulter et analyser les donn\u00e9es moteur. Pour une description d\u00e9taill\u00e9e,  <a href=\"https:\/\/gapinnovation.com\/turbodynamics\/fr\/produit\/enregistreur-de-donnees-datalogger\/\">cliquer ici<\/a>. <\/span><\/strong><\/p>\n","query_type":"product_ids","query_ids":[222],"default_option_id":"","thumbnail_id":"","thumbnail_src":"","quantity_min":1,"quantity_max":"","priced_individually":true,"shipped_individually":true,"optional":true,"discount":"","options_style":"radios","pagination_style":"classic","display_prices":"absolute","show_sorting_options":false,"show_filtering_options":false,"attribute_filter_ids":[],"product_title_visible":true,"product_descr_visible":true,"product_price_visible":true,"product_thumb_visible":true,"subtotal_visible_product":true,"subtotal_visible_cart":true,"subtotal_visible_orders":true}],"composite_scenarios":[],"_links":{"self":[{"href":"https:\/\/gapinnovation.com\/turbodynamics\/fr\/wp-json\/wp\/v2\/product\/1315"}],"collection":[{"href":"https:\/\/gapinnovation.com\/turbodynamics\/fr\/wp-json\/wp\/v2\/product"}],"about":[{"href":"https:\/\/gapinnovation.com\/turbodynamics\/fr\/wp-json\/wp\/v2\/types\/product"}],"replies":[{"embeddable":true,"href":"https:\/\/gapinnovation.com\/turbodynamics\/fr\/wp-json\/wp\/v2\/comments?post=1315"}],"wp:featuredmedia":[{"embeddable":true,"href":"https:\/\/gapinnovation.com\/turbodynamics\/fr\/wp-json\/wp\/v2\/media\/1524"}],"wp:attachment":[{"href":"https:\/\/gapinnovation.com\/turbodynamics\/fr\/wp-json\/wp\/v2\/media?parent=1315"}],"wp:term":[{"taxonomy":"product_cat","embeddable":true,"href":"https:\/\/gapinnovation.com\/turbodynamics\/fr\/wp-json\/wp\/v2\/product_cat?post=1315"},{"taxonomy":"product_tag","embeddable":true,"href":"https:\/\/gapinnovation.com\/turbodynamics\/fr\/wp-json\/wp\/v2\/product_tag?post=1315"}],"curies":[{"name":"wp","href":"https:\/\/api.w.org\/{rel}","templated":true}]}}