{"id":119,"date":"2000-09-08T14:20:10","date_gmt":"2010-09-08T18:20:10","guid":{"rendered":"https:\/\/gapinnovation.com\/turbodynamics\/product\/une-option\/"},"modified":"2020-11-23T13:02:53","modified_gmt":"2020-11-23T18:02:53","slug":"controle-de-lancement-anti-retard-anti-lag","status":"publish","type":"product","link":"https:\/\/gapinnovation.com\/turbodynamics\/fr\/produit\/controle-de-lancement-anti-retard-anti-lag\/","title":{"rendered":"Contr\u00f4le de lancement  V3 (Anti-Retard, Anti-Lag)"},"content":{"rendered":"<p style=\"background: white;\"><strong><span style=\"font-size: 14pt; font-family: 'Arial','sans-serif'; color: #131313;\">L\u2019Anti-Retard V3 offre un contr\u00f4le automatis\u00e9 qui offre les avantages suivants:<\/span><\/strong><\/p>\n<ul>\n<li>\n<p style=\"background: white;\"><span style=\"font-size: 14pt; font-family: 'Arial','sans-serif'; color: #131313;\">Vitesse du moteur et Pression de Suralimentation (Boost) tr\u00e8s stable.<\/span><\/p>\n<\/li>\n<li>\n<p style=\"background: white;\"><span style=\"font-size: 14pt; font-family: 'Arial','sans-serif'; color: #131313;\">Pression de Suralimentation augmente rapidement.<\/span><\/p>\n<\/li>\n<li>\n<p style=\"background: white;\"><span style=\"font-size: 14pt; font-family: 'Arial','sans-serif'; color: #131313;\">Nul besoin d\u2019ajuster le d\u00e9calage de l\u2019allumage et le carburant, le syst\u00e8me donne des r\u00e9sultats constant quelles que soient les conditions.<\/span><\/p>\n<\/li>\n<li>\n<p style=\"background: white;\"><span style=\"font-size: 14pt; font-family: 'Arial','sans-serif'; color: #131313;\">Donn\u00e9es en temps r\u00e9el montrant les valeurs cibles et la valeur actuelle du RPM et de Boost.<\/span><\/p>\n<\/li>\n<li>\n<p style=\"background: white;\"><span style=\"font-size: 14pt; font-family: 'Arial','sans-serif'; color: #131313;\">Vitesse du moteur et Pression de Suralimentation (Boost) faciles \u00e0 d\u00e9finir.<\/span><\/p>\n<\/li>\n<li>\n<p style=\"background: white;\"><span style=\"font-size: 14pt; font-family: 'Arial','sans-serif'; color: #131313;\">R\u00e9glage en temps r\u00e9el.<\/span><\/p>\n<\/li>\n<\/ul>\n<p>&nbsp;<\/p>\n<p><strong><span style=\"font-size: 14pt; font-family: 'Arial','sans-serif'; color: #131313;\">L&rsquo;activation est effectu\u00e9e en utilisant l&rsquo;une des m\u00e9thodes suivantes:<\/span><\/strong><\/p>\n<ul>\n<li>\n<p style=\"background: white;\"><span style=\"font-size: 14pt; font-family: 'Arial','sans-serif'; color: #131313;\">Bouton mont\u00e9 sur le guidon en option (le GAP Flasher doit \u00eatre connect\u00e9 au v\u00e9hicule) <\/span><\/p>\n<\/li>\n<li>\n<p style=\"background: white;\"><span style=\"font-size: 14pt; font-family: 'Arial','sans-serif'; color: #131313;\">Bouton de faisceau de route lorsque la mise \u00e0 jour optionnelle du tableau de bord avec le changement de cartographie, contr\u00f4le AntiLag et donn\u00e9es en direct est appliqu\u00e9 au v\u00e9hicule. (autonome, ne n\u00e9cessite pas la connexion du GAP Flasher au v\u00e9hicule) * (Boost) Maximale: La cible a atteindre.<\/span><\/p>\n<\/li>\n<li>\n<p style=\"background: white;\"><span style=\"font-size: 14pt; font-family: 'Arial','sans-serif'; color: #131313;\">Bouton de faisceau de route utilisant la mise \u00e0 jour du tableau de bord incluse (inclus avec l&rsquo;achat de l&rsquo;AntiLag, le GAP Flasher doit \u00eatre connect\u00e9 au v\u00e9hicule)<\/span><\/p>\n<\/li>\n<\/ul>\n<p style=\"background: white;\"><span style=\"font-size: 14pt; font-family: 'Arial','sans-serif'; color: #131313;\">*En d\u00e9veloppement.<\/span><\/p>\n","protected":false},"excerpt":{"rendered":"<p>Contr\u00f4le de lancement V3 (Anti-Retard, Anti-Lag)<\/p>\n","protected":false},"featured_media":583,"comment_status":"open","ping_status":"closed","template":"","meta":[],"product_cat":[35,39],"product_tag":[],"class_list":{"0":"post-119","1":"product","2":"type-product","3":"status-publish","4":"has-post-thumbnail","6":"product_cat-add-ons-fr","7":"product_cat-yamaha-arctic-cat-fr","8":"dc_vendor_shop-turbodynamics","11":"first","12":"instock","13":"virtual","14":"taxable","15":"purchasable","16":"product-type-simple"},"composite_layout":"","composite_add_to_cart_form_location":"","composite_editable_in_cart":false,"composite_sold_individually_context":"","composite_shop_price_calc":"","composite_components":[],"composite_scenarios":[],"_links":{"self":[{"href":"https:\/\/gapinnovation.com\/turbodynamics\/fr\/wp-json\/wp\/v2\/product\/119"}],"collection":[{"href":"https:\/\/gapinnovation.com\/turbodynamics\/fr\/wp-json\/wp\/v2\/product"}],"about":[{"href":"https:\/\/gapinnovation.com\/turbodynamics\/fr\/wp-json\/wp\/v2\/types\/product"}],"replies":[{"embeddable":true,"href":"https:\/\/gapinnovation.com\/turbodynamics\/fr\/wp-json\/wp\/v2\/comments?post=119"}],"wp:featuredmedia":[{"embeddable":true,"href":"https:\/\/gapinnovation.com\/turbodynamics\/fr\/wp-json\/wp\/v2\/media\/583"}],"wp:attachment":[{"href":"https:\/\/gapinnovation.com\/turbodynamics\/fr\/wp-json\/wp\/v2\/media?parent=119"}],"wp:term":[{"taxonomy":"product_cat","embeddable":true,"href":"https:\/\/gapinnovation.com\/turbodynamics\/fr\/wp-json\/wp\/v2\/product_cat?post=119"},{"taxonomy":"product_tag","embeddable":true,"href":"https:\/\/gapinnovation.com\/turbodynamics\/fr\/wp-json\/wp\/v2\/product_tag?post=119"}],"curies":[{"name":"wp","href":"https:\/\/api.w.org\/{rel}","templated":true}]}}