{"id":230,"date":"2018-09-04T16:47:50","date_gmt":"2018-09-04T20:47:50","guid":{"rendered":"https:\/\/gapinnovation.com\/turbodynamics\/?page_id=230"},"modified":"2018-09-06T13:52:13","modified_gmt":"2018-09-06T17:52:13","slug":"terms-and-conditions","status":"publish","type":"page","link":"https:\/\/gapinnovation.com\/turbodynamics\/fr\/terms-and-conditions\/","title":{"rendered":"Termes et conditions"},"content":{"rendered":"<h1 data-fontsize=\"34\" data-lineheight=\"47\">Conditions G\u00e9n\u00e9rales<\/h1>\n<p>Bien que des efforts consid\u00e9rables aient \u00e9t\u00e9 faits pour s\u2019assurer que l\u2019information fournie sur ce site et la documentation soit\u00a0aussi compl\u00e8te et pr\u00e9cise que possible, elles ne peuvent couvrir toutes les situations possibles. Aucune responsabilit\u00e9 n\u2019est accept\u00e9e pour les informations manquantes ou incorrectes.<\/p>\n<p>GAP Innovation, Inc ne peut \u00eatre tenu responsable de tout contenu externe disponible sur les forums parrain\u00e9s, les partenaires, ni aucune autre entit\u00e9. GAP Innovation, Inc ne garantit aucun produit fourni par des tiers ou des partenaires. GAP Innovation ne pourra en aucun cas \u00eatre tenu responsable des dommages cons\u00e9cutifs encourus lors de l\u2019utilisation de nos produits ou ceux de tiers.<\/p>\n<p>Les sp\u00e9cifications et prix peuvent changer sans pr\u00e9avis.<\/p>\n<p>Tous droits r\u00e9serv\u00e9s.<\/p>\n<h1 data-fontsize=\"34\" data-lineheight=\"47\">Conditions g\u00e9n\u00e9rales de vente<\/h1>\n<h3 data-fontsize=\"16\" data-lineheight=\"24\">M\u00e9thodes de payement<\/h3>\n<div id=\"gt-src-c\" class=\"g-unit\">\n<div id=\"gt-src-p\">\n<div id=\"gt-src-wrap\" class=\"\">\n<div>Les paiements par carte de cr\u00e9dit accept\u00e9s. Tous les moyens de paiement sont s\u00e9curis\u00e9s. Lorsque vous utilisez une carte de cr\u00e9dit pour passer une commande, l\u2019adresse de facturation que vous fournissez doit correspondre \u00e0 l\u2019adresse de facturation qui est enregistr\u00e9\u00a0aupr\u00e8s de l\u2019institution financi\u00e8re qui a \u00e9mis la carte de cr\u00e9dit.<\/div>\n<div><\/div>\n<\/div>\n<\/div>\n<\/div>\n<h3 data-fontsize=\"16\" data-lineheight=\"24\">Taxes, courtiers et autres charges d\u2019importation<\/h3>\n<p>Les prix affich\u00e9s ne comprennent pas les taxes.<\/p>\n<p>&nbsp;<\/p>\n<h1 data-fontsize=\"34\" data-lineheight=\"47\">Fonctionalit\u00e9s de course<\/h1>\n<p>Les fonctionnalit\u00e9s de course ne doivent \u00eatre utilis\u00e9es qu\u2019\u00e0 des fins de course dans un environnement contr\u00f4l\u00e9.\u00a0Ne pas utiliser en sentier ou hors-piste. Il est de la responsabilit\u00e9 de l\u2019utilisateur de s\u2019informer sur les\u00a0r\u00e8glements ou\u00a0 lois applicables avant de faire des changements ou utiliser des fonctionnalit\u00e9s susceptibles de faire partie d\u2019une loi ou d\u2019un r\u00e8glement. Voir l&rsquo;avis de non-responsabilit\u00e9 pour de plus ample d\u00e9tails.<\/p>\n","protected":false},"excerpt":{"rendered":"<p>Conditions G\u00e9n\u00e9rales Bien que des efforts consid\u00e9rables aient \u00e9t\u00e9 faits pour s\u2019assurer que l\u2019information fournie sur ce site et la documentation soit\u00a0aussi compl\u00e8te et pr\u00e9cise que possible, elles ne peuvent couvrir toutes les situations possibles. Aucune responsabilit\u00e9 n\u2019est accept\u00e9e pour les informations manquantes ou incorrectes. GAP Innovation, Inc ne peut \u00eatre tenu responsable de tout contenu externe disponible sur les &#8230; <a href=\"https:\/\/gapinnovation.com\/turbodynamics\/fr\/terms-and-conditions\/\" class=\"more-link\">Read More<\/a><\/p>\n","protected":false},"author":1,"featured_media":0,"parent":0,"menu_order":0,"comment_status":"closed","ping_status":"closed","template":"","meta":{"footnotes":""},"class_list":["post-230","page","type-page","status-publish","hentry","no-post-thumbnail"],"_links":{"self":[{"href":"https:\/\/gapinnovation.com\/turbodynamics\/fr\/wp-json\/wp\/v2\/pages\/230"}],"collection":[{"href":"https:\/\/gapinnovation.com\/turbodynamics\/fr\/wp-json\/wp\/v2\/pages"}],"about":[{"href":"https:\/\/gapinnovation.com\/turbodynamics\/fr\/wp-json\/wp\/v2\/types\/page"}],"author":[{"embeddable":true,"href":"https:\/\/gapinnovation.com\/turbodynamics\/fr\/wp-json\/wp\/v2\/users\/1"}],"replies":[{"embeddable":true,"href":"https:\/\/gapinnovation.com\/turbodynamics\/fr\/wp-json\/wp\/v2\/comments?post=230"}],"version-history":[{"count":0,"href":"https:\/\/gapinnovation.com\/turbodynamics\/fr\/wp-json\/wp\/v2\/pages\/230\/revisions"}],"wp:attachment":[{"href":"https:\/\/gapinnovation.com\/turbodynamics\/fr\/wp-json\/wp\/v2\/media?parent=230"}],"curies":[{"name":"wp","href":"https:\/\/api.w.org\/{rel}","templated":true}]}}