{"id":604,"date":"2018-10-02T12:03:18","date_gmt":"2018-10-02T16:03:19","guid":{"rendered":"https:\/\/gapinnovation.com\/hurricane\/?post_type=product&#038;p=604"},"modified":"2020-12-06T20:09:14","modified_gmt":"2020-12-07T01:09:14","slug":"surclassement-vers-jukebox","status":"publish","type":"product","link":"https:\/\/gapinnovation.com\/hurricane\/fr\/produit\/surclassement-vers-jukebox\/","title":{"rendered":"Surclassement d&rsquo;un Jukebox Hurricane"},"content":{"rendered":"<div id=\"pl-604\"  class=\"panel-layout\" ><div id=\"pg-604-0\"  class=\"panel-grid panel-no-style\" ><div id=\"pgc-604-0-0\"  class=\"panel-grid-cell\" ><div id=\"panel-604-0-0-0\" class=\"so-panel widget widget_text panel-first-child panel-last-child\" data-index=\"0\" >\t\t\t<div class=\"textwidget\"><p style=\"background: white;\"><strong><span style=\"font-size: 15pt; font-family: 'Arial','sans-serif'; color: #131313;\">Permet de passer d&rsquo;un Jukebox Hurricane a un autre Jukebox (Flash Bundle).\u00a0<\/span><\/strong><\/p>\n<p style=\"background: white;\"><strong><span style=\"font-size: 15pt; font-family: 'Arial','sans-serif'; color: #131313;\">Pour une description compl\u00e8te et \u00e0 jour, veuillez consulter la <a href=\"https:\/\/gapinnovation.com\/hurricane\/fr\/produit\/jukebox\/\">page du produit<\/a>.<\/span><\/strong><\/p>\n<p style=\"background: white;\"><span style=\"font-size: 15pt; font-family: 'Arial','sans-serif'; color: #131313;\">La selection de la cartographie est effectu\u00e9e en utilisant l\u2019une des m\u00e9thodes suivantes:<\/span><\/p>\n<ul>\n<li>\n<p style=\"background: white;\"><span style=\"font-size: 15pt; font-family: 'Arial','sans-serif'; color: #131313;\">En utilisant un appareil mobile Android ou Apple (GAP Flasher requis).<\/span><\/p>\n<\/li>\n<li>\n<p style=\"background: white;\"><span style=\"font-size: 15pt; font-family: 'Arial','sans-serif'; color: #131313;\">En utilisant le bouton du tableau de bord (la Mise \u00e0 jour du tableau de bord (jauge \u2026) est requise et vendue s\u00e9par\u00e9ment).<\/span><\/p>\n<\/li>\n<li>\n<p style=\"background: white;\"><span style=\"font-size: 15pt; font-family: 'Arial','sans-serif'; color: #131313;\">En utilisant le bouton optionel (GAP Flasher requis)<\/span><\/p>\n<\/li>\n<\/ul>\n<p style=\"background: white;\"><span style=\"font-size: 15pt; font-family: 'Arial','sans-serif'; color: #131313;\">Le formulaire permettant la s\u00e9lection du Jukebox pour chaque configuration mat\u00e9rielle (type de silencieux, etc.) se trouve dans l\u2019application GAP Flasher.<\/span><\/p>\n<p style=\"background: white;\"><span style=\"font-size: 15pt; font-family: 'Arial','sans-serif'; color: #131313;\">Veuillez consulter le manuel d\u2019utilisation pour plus de d\u00e9tails.<\/span><\/p>\n<\/div>\n\t\t<\/div><\/div><\/div><\/div>","protected":false},"excerpt":{"rendered":"<p style=\"text-align: left;\">Surclassement d&rsquo;un Jukebox Hurricane<\/p>\n","protected":false},"featured_media":901,"comment_status":"open","ping_status":"closed","template":"","meta":[],"product_cat":[25,38],"product_tag":[],"class_list":{"0":"post-604","1":"product","2":"type-product","3":"status-publish","4":"has-post-thumbnail","6":"product_cat-upgrade-fr","7":"product_cat-yamaha-arctic-cat","8":"dc_vendor_shop-hurricane","11":"first","12":"instock","13":"virtual","14":"taxable","15":"purchasable","16":"product-type-composite"},"composite_layout":"single","composite_add_to_cart_form_location":"default","composite_editable_in_cart":false,"composite_sold_individually_context":"product","composite_shop_price_calc":"min_max","composite_components":[{"id":"1602175492","title":"Contr\u00f4le de l\u2019injection de carburant en boucle ferm\u00e9e","description":"<p style=\"background: white\"><span style=\"font-size: 14pt;color: #131313\">Contr\u00f4le en boucle ferm\u00e9e du m\u00e9langer air\/essence. Pour une description d\u00e9taill\u00e9e,  <a href=\"https:\/\/gapinnovation.com\/hurricane\/fr\/produit\/closed-loop-fr\/ ?\">cliquer ici<\/a>. <\/span><\/strong><\/p>\n","query_type":"product_ids","query_ids":[1180],"default_option_id":"","thumbnail_id":"","thumbnail_src":"","quantity_min":0,"quantity_max":100,"priced_individually":true,"shipped_individually":true,"optional":true,"discount":"","options_style":"radios","pagination_style":"classic","display_prices":"absolute","show_sorting_options":false,"show_filtering_options":false,"attribute_filter_ids":[],"product_title_visible":true,"product_descr_visible":true,"product_price_visible":true,"product_thumb_visible":true,"subtotal_visible_product":true,"subtotal_visible_cart":true,"subtotal_visible_orders":true},{"id":"1538133179","title":" Mise \u00e0 jour du tableau de bord (jauge, cluster\u2026)","description":"<p style=\"background: white\"><span style=\"font-size: 14pt;color: #131313\">S\u00e9lection de la cartographie instantan\u00e9e, valeurs en temps r\u00e9el et plus. Pour une description d\u00e9taill\u00e9e,  <a href=\"https:\/\/gapinnovation.com\/hurricane\/fr\/produit\/instrument-cluster-dash-gauge-update\/\">cliquer ici<\/a>. <\/span><\/strong><\/p>\n","query_type":"product_ids","query_ids":[249],"default_option_id":"","thumbnail_id":"","thumbnail_src":"","quantity_min":0,"quantity_max":100,"priced_individually":true,"shipped_individually":true,"optional":true,"discount":"","options_style":"radios","pagination_style":"classic","display_prices":"absolute","show_sorting_options":false,"show_filtering_options":false,"attribute_filter_ids":[],"product_title_visible":true,"product_descr_visible":true,"product_price_visible":true,"product_thumb_visible":true,"subtotal_visible_product":true,"subtotal_visible_cart":true,"subtotal_visible_orders":true},{"id":"1538133180","title":"Contr\u00f4le de lancement (Anti-Retard, Anti-Lag)","description":"<p style=\"background: white\"><span style=\"font-size: 14pt;color: #131313\">Pour une description d\u00e9taill\u00e9e,  <a href=\"https:\/\/gapinnovation.com\/hurricane\/fr\/produit\/controle-de-lancement-anti-retard-anti-lag\/\">cliquer ici<\/a>. <\/span><\/strong><\/p>\n","query_type":"product_ids","query_ids":[119],"default_option_id":"","thumbnail_id":"","thumbnail_src":"","quantity_min":0,"quantity_max":95,"priced_individually":true,"shipped_individually":true,"optional":true,"discount":"","options_style":"radios","pagination_style":"classic","display_prices":"absolute","show_sorting_options":false,"show_filtering_options":false,"attribute_filter_ids":[],"product_title_visible":true,"product_descr_visible":true,"product_price_visible":true,"product_thumb_visible":true,"subtotal_visible_product":true,"subtotal_visible_cart":true,"subtotal_visible_orders":true},{"id":"1538133181","title":"Enregistreur de donn\u00e9es (datalogger)","description":"<p style=\"background: white\"><span style=\"font-size: 14pt;color: #131313\">Enregistrer, consulter et analyser les donn\u00e9es moteur. Pour une description d\u00e9taill\u00e9e,  <a href=\"https:\/\/gapinnovation.com\/hurricane\/fr\/produit\/enregistreur-de-donnees-datalogger\/\">cliquer ici<\/a>. <\/span><\/strong><\/p>\n","query_type":"product_ids","query_ids":[222],"default_option_id":"","thumbnail_id":"","thumbnail_src":"","quantity_min":0,"quantity_max":101,"priced_individually":true,"shipped_individually":true,"optional":true,"discount":"","options_style":"radios","pagination_style":"classic","display_prices":"absolute","show_sorting_options":false,"show_filtering_options":false,"attribute_filter_ids":[],"product_title_visible":true,"product_descr_visible":true,"product_price_visible":true,"product_thumb_visible":true,"subtotal_visible_product":true,"subtotal_visible_cart":true,"subtotal_visible_orders":true}],"composite_scenarios":[],"_links":{"self":[{"href":"https:\/\/gapinnovation.com\/hurricane\/fr\/wp-json\/wp\/v2\/product\/604"}],"collection":[{"href":"https:\/\/gapinnovation.com\/hurricane\/fr\/wp-json\/wp\/v2\/product"}],"about":[{"href":"https:\/\/gapinnovation.com\/hurricane\/fr\/wp-json\/wp\/v2\/types\/product"}],"replies":[{"embeddable":true,"href":"https:\/\/gapinnovation.com\/hurricane\/fr\/wp-json\/wp\/v2\/comments?post=604"}],"wp:featuredmedia":[{"embeddable":true,"href":"https:\/\/gapinnovation.com\/hurricane\/fr\/wp-json\/wp\/v2\/media\/901"}],"wp:attachment":[{"href":"https:\/\/gapinnovation.com\/hurricane\/fr\/wp-json\/wp\/v2\/media?parent=604"}],"wp:term":[{"taxonomy":"product_cat","embeddable":true,"href":"https:\/\/gapinnovation.com\/hurricane\/fr\/wp-json\/wp\/v2\/product_cat?post=604"},{"taxonomy":"product_tag","embeddable":true,"href":"https:\/\/gapinnovation.com\/hurricane\/fr\/wp-json\/wp\/v2\/product_tag?post=604"}],"curies":[{"name":"wp","href":"https:\/\/api.w.org\/{rel}","templated":true}]}}