{"id":249,"date":"2017-11-09T15:31:50","date_gmt":"2018-09-05T18:31:50","guid":{"rendered":"https:\/\/gapinnovation.com\/hurricane\/?post_type=product&#038;p=249"},"modified":"2020-12-06T20:09:56","modified_gmt":"2020-12-07T01:09:56","slug":"instrument-cluster-dash-gauge-update","status":"publish","type":"product","link":"https:\/\/gapinnovation.com\/hurricane\/fr\/produit\/instrument-cluster-dash-gauge-update\/","title":{"rendered":"Mise \u00e0 jour du tableau de bord (jauge &#8230;)"},"content":{"rendered":"<p style=\"background: white;\"><strong><span style=\"font-size: 15pt; font-family: 'Arial','sans-serif'; color: #131313;\">Cette mise \u00e0 jour ajoutera les fonctionnalit\u00e9s suivantes au tableau de bord.<\/span><\/strong><\/p>\n<ul>\n<li>\n<p style=\"background: white;\"><span style=\"font-size: 14pt; font-family: 'Arial','sans-serif'; color: #131313;\">S\u00e9lection de la cartographie instantan\u00e9e \u00e0 l&rsquo;aide du bouton en haut \u00e0 gauche du tableau de bord (Jukebox requis)<\/span><\/p>\n<\/li>\n<li>\n<p style=\"background: white;\"><span style=\"font-size: 14pt; font-family: 'Arial','sans-serif'; color: #131313;\">Affichage du niveau de puissance de la cartographie utilis\u00e9e<\/span><\/p>\n<\/li>\n<li>\n<p style=\"background: white;\"><span style=\"font-size: 14pt; font-family: 'Arial','sans-serif'; color: #131313;\">L&rsquo;affichage du Boost (pression de suralimentation), Air Fuel Ratio (ratio air essence, module optionnel requis) \u00e0 l&#8217;emplacement souhait\u00e9. Peuvent \u00eatre visualis\u00e9s simultan\u00e9ment. Voir photos pour de plus amples d\u00e9tails.<\/span><\/p>\n<\/li>\n<li>\n<p style=\"background: white;\"><span style=\"font-size: 14pt; font-family: 'Arial','sans-serif'; color: #131313;\">Contr\u00f4le Anti-Retard (Anti-Lag) via le bouton de faisceau de nuit (high beam, achat de l\u2019option Anti-Retard requis)*<\/span><\/p>\n<\/li>\n<\/ul>\n<p style=\"background: white;\"><span style=\"font-size: 14pt; font-family: 'Arial','sans-serif'; color: #131313;\">*En d\u00e9veloppement. La mise \u00e0 jour pour les clients qui ont d\u00e9j\u00e0 achet\u00e9 la mise \u00e0 jour du tableau de bord sera gratuite.<\/span><\/p>\n","protected":false},"excerpt":{"rendered":"<p>Mise \u00e0 jour du tableau de bord<\/p>\n","protected":false},"featured_media":883,"comment_status":"open","ping_status":"closed","template":"","meta":[],"product_cat":[36,38],"product_tag":[],"class_list":{"0":"post-249","1":"product","2":"type-product","3":"status-publish","4":"has-post-thumbnail","6":"product_cat-tunes-fr","7":"product_cat-yamaha-arctic-cat","8":"dc_vendor_shop-hurricane","11":"first","12":"instock","13":"virtual","14":"taxable","15":"purchasable","16":"product-type-simple"},"composite_layout":"","composite_add_to_cart_form_location":"","composite_editable_in_cart":false,"composite_sold_individually_context":"","composite_shop_price_calc":"","composite_components":[],"composite_scenarios":[],"_links":{"self":[{"href":"https:\/\/gapinnovation.com\/hurricane\/fr\/wp-json\/wp\/v2\/product\/249"}],"collection":[{"href":"https:\/\/gapinnovation.com\/hurricane\/fr\/wp-json\/wp\/v2\/product"}],"about":[{"href":"https:\/\/gapinnovation.com\/hurricane\/fr\/wp-json\/wp\/v2\/types\/product"}],"replies":[{"embeddable":true,"href":"https:\/\/gapinnovation.com\/hurricane\/fr\/wp-json\/wp\/v2\/comments?post=249"}],"wp:featuredmedia":[{"embeddable":true,"href":"https:\/\/gapinnovation.com\/hurricane\/fr\/wp-json\/wp\/v2\/media\/883"}],"wp:attachment":[{"href":"https:\/\/gapinnovation.com\/hurricane\/fr\/wp-json\/wp\/v2\/media?parent=249"}],"wp:term":[{"taxonomy":"product_cat","embeddable":true,"href":"https:\/\/gapinnovation.com\/hurricane\/fr\/wp-json\/wp\/v2\/product_cat?post=249"},{"taxonomy":"product_tag","embeddable":true,"href":"https:\/\/gapinnovation.com\/hurricane\/fr\/wp-json\/wp\/v2\/product_tag?post=249"}],"curies":[{"name":"wp","href":"https:\/\/api.w.org\/{rel}","templated":true}]}}