{"id":2275,"date":"2000-10-06T09:23:03","date_gmt":"2020-10-06T13:23:05","guid":{"rendered":"https:\/\/gapinnovation.com\/hurricane\/?post_type=product&#038;p=2275"},"modified":"2020-12-06T20:11:02","modified_gmt":"2020-12-07T01:11:02","slug":"cartographie-individuelle-pour-sidewinder-thundercat-9000-225-240-270-285-290-300hp-ou-340-pro-mod-copy-2","status":"publish","type":"product","link":"https:\/\/gapinnovation.com\/hurricane\/fr\/produit\/cartographie-individuelle-pour-sidewinder-thundercat-9000-225-240-270-285-290-300hp-ou-340-pro-mod-copy-2\/","title":{"rendered":"Cartographie individuelle pour Sidewinder-Thundercat\/9000 225hp, silencieux d\u2019origine"},"content":{"rendered":"<div id=\"pl-2275\"  class=\"panel-layout\" ><div id=\"pg-2275-0\"  class=\"panel-grid panel-no-style\" ><div id=\"pgc-2275-0-0\"  class=\"panel-grid-cell\" ><div id=\"panel-2275-0-0-0\" class=\"so-panel widget widget_text panel-first-child panel-last-child\" data-index=\"0\" >\t\t\t<div class=\"textwidget\"><p style=\"background: white;\"><strong><span style=\"font-size: 15pt; font-family: 'Arial','sans-serif'; color: #131313;\">L&rsquo;achat de ce produit vous permettra d&rsquo;obtenir la cartographie d\u00e9finie plus bas.\u00a0<\/span><\/strong><\/p>\n<p style=\"background: white;\"><strong><span style=\"font-size: 15pt; font-family: 'Arial','sans-serif'; color: #131313;\">Pour une description compl\u00e8te et \u00e0 jour, veuillez consulter la <a href=\"https:\/\/www.hurricaneperformance.ca\/product-category\/sidewinder-thundercat-performance-products\/ecu-reflashing\/ecu-flahses-components\/flashes\/\" target=\"_blank\" rel=\"noopener\">page du produit<\/a>.<\/span><\/strong><\/p>\n<p>&nbsp;<\/p>\n<\/div>\n\t\t<\/div><\/div><\/div><div id=\"pg-2275-1\"  class=\"panel-grid panel-has-style\" ><div class=\"panel-row-style panel-row-style-for-2275-1\" ><div id=\"pgc-2275-1-0\"  class=\"panel-grid-cell\" ><div id=\"panel-2275-1-0-0\" class=\"so-panel widget widget_media_image panel-first-child panel-last-child\" data-index=\"1\" ><img decoding=\"async\" width=\"201\" height=\"300\" src=\"https:\/\/gapinnovation.com\/hurricane\/wp-content\/uploads\/sites\/5\/2018\/08\/Hurricane225_4-201x300.png\" class=\"image wp-image-194  attachment-medium size-medium\" alt=\"\" style=\"max-width: 100%; height: auto;\" srcset=\"https:\/\/gapinnovation.com\/hurricane\/wp-content\/uploads\/sites\/5\/2018\/08\/Hurricane225_4-201x300.png 201w, https:\/\/gapinnovation.com\/hurricane\/wp-content\/uploads\/sites\/5\/2018\/08\/Hurricane225_4-768x1149.png 768w, https:\/\/gapinnovation.com\/hurricane\/wp-content\/uploads\/sites\/5\/2018\/08\/Hurricane225_4-685x1024.png 685w, https:\/\/gapinnovation.com\/hurricane\/wp-content\/uploads\/sites\/5\/2018\/08\/Hurricane225_4-100x150.png 100w, https:\/\/gapinnovation.com\/hurricane\/wp-content\/uploads\/sites\/5\/2018\/08\/Hurricane225_4-1184x1771.png 1184w, https:\/\/gapinnovation.com\/hurricane\/wp-content\/uploads\/sites\/5\/2018\/08\/Hurricane225_4-600x898.png 600w, https:\/\/gapinnovation.com\/hurricane\/wp-content\/uploads\/sites\/5\/2018\/08\/Hurricane225_4.png 1331w\" sizes=\"(max-width: 201px) 100vw, 201px\" \/><\/div><\/div><div id=\"pgc-2275-1-1\"  class=\"panel-grid-cell\" ><div id=\"panel-2275-1-1-0\" class=\"so-panel widget widget_text panel-first-child panel-last-child\" data-index=\"2\" >\t\t\t<div class=\"textwidget\"><p style=\"background: white;\"><strong><span style=\"font-size: 15pt; font-family: 'Arial','sans-serif'; color: #131313;\">Disponible en version Race ou Super Spool.\u00a0Cette cartographie de 225 HP est con\u00e7ue pour augmenter la puissance de 25 HP par rapport a l\u2019originale. Elle fonctionne bien avec le silencieux et l&#8217;embrayage d\u2019origine. L&rsquo;indice d&rsquo;octane de l&rsquo;essence requise est de 87 ou plus. La puissance additionnelle augmente la vitesse du moteur maximale \u00e0 8800 tr \/ min.<\/span><\/strong><\/p>\n<p><strong><span style=\"font-size: 15pt; font-family: 'Arial','sans-serif'; color: #131313;\">Exigences:<\/span><\/strong><\/p>\n<ul>\n<li><span style=\"font-size: 15pt; font-family: 'Arial','sans-serif'; color: #131313;\">Silencieux d&rsquo;origine<\/span><\/li>\n<li><span style=\"color: #131313; font-family: Arial, sans-serif;\"><span style=\"font-size: 20px;\">Essence ordinaire avec indice d&rsquo;octane de 87 ou plus<\/span><\/span><\/li>\n<\/ul>\n<\/div>\n\t\t<\/div><\/div><\/div><\/div><div id=\"pg-2275-2\"  class=\"panel-grid panel-no-style\" ><div id=\"pgc-2275-2-0\"  class=\"panel-grid-cell\" ><div id=\"panel-2275-2-0-0\" class=\"so-panel widget widget_text panel-first-child panel-last-child\" data-index=\"3\" >\t\t\t<div class=\"textwidget\"><p style=\"background: white;\"><span style=\"font-size: 14pt; font-family: 'Arial','sans-serif'; color: #131313;\">Cette cartographie est dot\u00e9e du syst\u00e8me d\u2019affichage et de protection contre le cognement (knock). L\u2019affichage du ratio Air Essence (lorsque le syst\u00e8me AFR en option a \u00e9t\u00e9 achet\u00e9) ou du Boost (pression de suralimentation) sur le tableau de bord est inclus*. La r\u00e9ponse et l&rsquo;acc\u00e9l\u00e9ration la plus rapide sur le march\u00e9. Puissante et durable. <\/span><\/p>\n<p style=\"background: white;\"><span style=\"font-size: 14pt; font-family: 'Arial','sans-serif'; color: #131313;\">La cartographie originale (stock) est \u00e9galement incluse et peut \u00eatre appliqu\u00e9e si n\u00e9cessaire. <\/span><\/p>\n<p style=\"background: white;\"><span style=\"font-size: 14pt; font-family: 'Arial','sans-serif'; color: #131313;\">*Affichage de base. Consulter la mise \u00e0 jour du tableau de bord pour la version am\u00e9lior\u00e9e.<\/span><\/p>\n<\/div>\n\t\t<\/div><\/div><\/div><\/div>","protected":false},"excerpt":{"rendered":"<p style=\"text-align: left;\">Cartographie individuelle pour Sidewinder-Thundercat\/9000 225hp, silencieux d\u2019origine<\/p>\n","protected":false},"featured_media":195,"comment_status":"open","ping_status":"closed","template":"","meta":[],"product_cat":[38,36],"product_tag":[],"class_list":{"0":"post-2275","1":"product","2":"type-product","3":"status-publish","4":"has-post-thumbnail","6":"product_cat-yamaha-arctic-cat","7":"product_cat-tunes-fr","8":"dc_vendor_shop-hurricane","11":"first","12":"instock","13":"virtual","14":"taxable","15":"purchasable","16":"product-type-composite"},"composite_layout":"single","composite_add_to_cart_form_location":"default","composite_editable_in_cart":false,"composite_sold_individually_context":"product","composite_shop_price_calc":"min_max","composite_components":[{"id":"1602089805","title":"Contr\u00f4le de l\u2019injection de carburant en boucle ferm\u00e9e","description":"<p style=\"background: white\"><span style=\"font-size: 14pt;color: #131313\">Contr\u00f4le en boucle ferm\u00e9e du m\u00e9langer air\/essence. Pour une description d\u00e9taill\u00e9e,  <a href=\"https:\/\/gapinnovation.com\/hurricane\/fr\/produit\/closed-loop-fr\/ ?\">cliquer ici<\/a>. <\/span><\/strong><\/p>\n","query_type":"product_ids","query_ids":[1180],"default_option_id":"","thumbnail_id":"","thumbnail_src":"","quantity_min":0,"quantity_max":100,"priced_individually":true,"shipped_individually":true,"optional":true,"discount":"","options_style":"radios","pagination_style":"classic","display_prices":"absolute","show_sorting_options":false,"show_filtering_options":false,"attribute_filter_ids":[],"product_title_visible":true,"product_descr_visible":true,"product_price_visible":true,"product_thumb_visible":true,"subtotal_visible_product":true,"subtotal_visible_cart":true,"subtotal_visible_orders":true},{"id":"1571827734","title":"Instrument Cluster (dash, gauge\u2026) Update","description":"<p style=\"background: white\"><span style=\"font-size: 14pt;color: #131313\">Tune switching, data on cluster and more. For a complete and up to date product description,  <a href=\"https:\/\/gapinnovation.com\/hurricane\/product\/instrument-cluster-dash-gauge-update\/\">click here<\/a>. <\/span><\/strong><\/p>\n","query_type":"product_ids","query_ids":[249],"default_option_id":"","thumbnail_id":"","thumbnail_src":"","quantity_min":0,"quantity_max":100,"priced_individually":true,"shipped_individually":true,"optional":true,"discount":"","options_style":"radios","pagination_style":"classic","display_prices":"absolute","show_sorting_options":false,"show_filtering_options":false,"attribute_filter_ids":[],"product_title_visible":true,"product_descr_visible":true,"product_price_visible":true,"product_thumb_visible":true,"subtotal_visible_product":true,"subtotal_visible_cart":true,"subtotal_visible_orders":true},{"id":"1571827735","title":"Launch Control","description":"<p style=\"background: white\"><span style=\"font-size: 14pt;color: #131313\">For a complete and up to date product description,  <a href=\"https:\/\/gapinnovation.com\/hurricane\/product\/launchcontrol\/\">click here<\/a>. <\/span><\/strong><\/p>\n","query_type":"product_ids","query_ids":[119],"default_option_id":"","thumbnail_id":"","thumbnail_src":"","quantity_min":0,"quantity_max":100,"priced_individually":true,"shipped_individually":true,"optional":true,"discount":"","options_style":"radios","pagination_style":"classic","display_prices":"absolute","show_sorting_options":false,"show_filtering_options":false,"attribute_filter_ids":[],"product_title_visible":true,"product_descr_visible":true,"product_price_visible":true,"product_thumb_visible":true,"subtotal_visible_product":true,"subtotal_visible_cart":true,"subtotal_visible_orders":true},{"id":"1571827736","title":"Data Logger","description":"<p style=\"background: white\"><span style=\"font-size: 14pt;color: #131313\">Recording, viewing and analysing engine data. For a complete and up to date product description,  <a href=\"https:\/\/gapinnovation.com\/hurricane\/product\/datalogger\/\">click here<\/a>. <\/span><\/strong><\/p>\n","query_type":"product_ids","query_ids":[222],"default_option_id":"","thumbnail_id":"","thumbnail_src":"","quantity_min":0,"quantity_max":100,"priced_individually":true,"shipped_individually":true,"optional":true,"discount":"","options_style":"radios","pagination_style":"classic","display_prices":"absolute","show_sorting_options":false,"show_filtering_options":false,"attribute_filter_ids":[],"product_title_visible":true,"product_descr_visible":true,"product_price_visible":true,"product_thumb_visible":true,"subtotal_visible_product":true,"subtotal_visible_cart":true,"subtotal_visible_orders":true}],"composite_scenarios":[],"_links":{"self":[{"href":"https:\/\/gapinnovation.com\/hurricane\/fr\/wp-json\/wp\/v2\/product\/2275"}],"collection":[{"href":"https:\/\/gapinnovation.com\/hurricane\/fr\/wp-json\/wp\/v2\/product"}],"about":[{"href":"https:\/\/gapinnovation.com\/hurricane\/fr\/wp-json\/wp\/v2\/types\/product"}],"replies":[{"embeddable":true,"href":"https:\/\/gapinnovation.com\/hurricane\/fr\/wp-json\/wp\/v2\/comments?post=2275"}],"wp:featuredmedia":[{"embeddable":true,"href":"https:\/\/gapinnovation.com\/hurricane\/fr\/wp-json\/wp\/v2\/media\/195"}],"wp:attachment":[{"href":"https:\/\/gapinnovation.com\/hurricane\/fr\/wp-json\/wp\/v2\/media?parent=2275"}],"wp:term":[{"taxonomy":"product_cat","embeddable":true,"href":"https:\/\/gapinnovation.com\/hurricane\/fr\/wp-json\/wp\/v2\/product_cat?post=2275"},{"taxonomy":"product_tag","embeddable":true,"href":"https:\/\/gapinnovation.com\/hurricane\/fr\/wp-json\/wp\/v2\/product_tag?post=2275"}],"curies":[{"name":"wp","href":"https:\/\/api.w.org\/{rel}","templated":true}]}}