{"id":1180,"date":"2000-07-11T17:02:37","date_gmt":"2001-07-11T21:02:37","guid":{"rendered":"https:\/\/gapinnovation.com\/hurricane\/?post_type=product&#038;p=1180"},"modified":"2020-12-06T20:11:09","modified_gmt":"2020-12-07T01:11:09","slug":"closed-loop-fr","status":"publish","type":"product","link":"https:\/\/gapinnovation.com\/hurricane\/fr\/produit\/closed-loop-fr\/","title":{"rendered":"Contr\u00f4le de l\u2019injection de carburant en boucle ferm\u00e9e"},"content":{"rendered":"<p style=\"background: white;\"><span style=\"font-size: 14pt; font-family: 'Arial','sans-serif'; color: #131313;\"><strong>Contr\u00f4le de l\u2019injection de carburant en boucle ferm\u00e9e<\/strong><\/span><\/p>\n<p>&nbsp;<\/p>\n<p style=\"background: white;\"><span style=\"font-size: 14pt; font-family: 'Arial','sans-serif'; color: #131313;\"><strong>Introduction<\/strong><\/span><\/p>\n<p style=\"font-size: 14pt; font-family: 'Arial','sans-serif'; color: #131313;\">Cet ECU moteur a \u00e9t\u00e9 con\u00e7u pour fonctionner en configuration boucle ouverte. \u00c0 leur tour, les conditions environnementales (temp\u00e9rature, humidit\u00e9\u2026) affectent le m\u00e9lange air \/ carburant m\u00eame avec une cartographie appropri\u00e9e;<\/p>\n<ul>\n<li>\n<p style=\"font-size: 14pt; font-family: 'Arial','sans-serif'; color: #131313;\">Une temp\u00e9rature ambiante chaude enrichit le m\u00e9lange air\/carburant (plus de carburant)<\/p>\n<\/li>\n<li>\n<p style=\"font-size: 14pt; font-family: 'Arial','sans-serif'; color: #131313;\">Une temp\u00e9rature ambiante froide appauvrit le m\u00e9lange air\/carburant (moins de carburant)<\/p>\n<\/li>\n<\/ul>\n<p>&nbsp;<\/p>\n<p style=\"font-size: 14pt; font-family: 'Arial','sans-serif'; color: #131313;\"><strong>La solution<\/strong><\/p>\n<p style=\"font-size: 14pt; font-family: 'Arial','sans-serif'; color: #131313;\">L&rsquo;ajout d&rsquo;un capteur O2 appropri\u00e9 et d&rsquo;un algorithme en boucle ferm\u00e9e permet \u00e0 l&rsquo;ECU moteur de lire le m\u00e9lange air \/ carburant et de l&rsquo;ajuster pour compenser les conditions environnementales actuelles.<\/p>\n<p style=\"font-size: 14pt; font-family: 'Arial','sans-serif'; color: #131313;\">Le r\u00e9gulateur air \/ carburant en boucle ferm\u00e9e utilise diff\u00e9rentes cibles pour les situations de croisi\u00e8re et de plein r\u00e9gime. La cible AFR de croisi\u00e8re est plus pauvre pour fournir une meilleure \u00e9conomie de carburant tandis qu&rsquo;une cible plus riche est utilis\u00e9e \u00e0 moyen r\u00e9gime ou \u00e0 plein r\u00e9gime pour une puissance maximale.<\/p>\n<p>&nbsp;<\/p>\n<p style=\"background: white;\"><span style=\"font-size: 14pt; font-family: 'Arial','sans-serif'; color: #131313;\"><strong>R\u00e9sultats<\/strong><\/span><\/p>\n<ul>\n<li>\n<p style=\"font-size: 14pt; font-family: 'Arial','sans-serif'; color: #131313;\">Une alimentation ad\u00e9quate lors de conditions chaudes \u00e9vite que le m\u00e9lange air \/ carburant ne soit trop riche<\/p>\n<\/li>\n<li>\n<p style=\"font-size: 14pt; font-family: 'Arial','sans-serif'; color: #131313;\">Une alimentation ad\u00e9quate lorsqu&rsquo;il fait tr\u00e8s froid<\/p>\n<\/li>\n<li>\n<p style=\"font-size: 14pt; font-family: 'Arial','sans-serif'; color: #131313;\">Compensation automatique relative aux configurations des voies d&rsquo;admission et d&rsquo;\u00e9chappement<\/p>\n<\/li>\n<li>\n<p style=\"font-size: 14pt; font-family: 'Arial','sans-serif'; color: #131313;\">Puissance maximale du moteur dans toutes les conditions environnementales \u00e0 haut et plein r\u00e9gime<\/p>\n<\/li>\n<li>\n<p style=\"font-size: 14pt; font-family: 'Arial','sans-serif'; color: #131313;\">Meilleure \u00e9conomie de carburant \u00e0 bas ou moyen r\u00e9gime (vitesse de croisi\u00e8re). Jusqu&rsquo;\u00e0 20% de consommation de carburant en moins*.<\/p>\n<\/li>\n<\/ul>\n<p>&nbsp;<\/p>\n<p style=\"font-size: 14pt; font-family: 'Arial','sans-serif'; color: #131313;\">*Les r\u00e9sultats varient en fonction du style de conduite, des conditions environnementales et d&rsquo;autres facteurs.<\/p>\n<p style=\"font-size: 14pt; font-family: 'Arial','sans-serif'; color: #131313;\"><strong>L&rsquo;utilisation du capteur O2 Hurricane Performance <a href=\"https:\/\/www.hurricaneperformance.ca\/products\/sidewinder-thundercat-performance-products\/air-fuel-input-module\/\" target=\"_blank\" rel=\"noopener noreferrer\">AEM Wideband O2 module<\/a> est requis.<\/strong><\/p>\n<p style=\"font-size: 14pt; font-family: 'Arial','sans-serif'; color: #131313;\">Des protections ont \u00e9t\u00e9 mises en place en cas de probl\u00e8me de capteur.<\/p>\n<p>&nbsp;<\/p>\n<p>&nbsp;<\/p>\n","protected":false},"excerpt":{"rendered":"<p>Contr\u00f4le de l\u2019injection de carburant en boucle ferm\u00e9e<\/p>\n","protected":false},"featured_media":1195,"comment_status":"open","ping_status":"closed","template":"","meta":[],"product_cat":[35,38],"product_tag":[],"class_list":{"0":"post-1180","1":"product","2":"type-product","3":"status-publish","4":"has-post-thumbnail","6":"product_cat-add-ons-fr","7":"product_cat-yamaha-arctic-cat","8":"dc_vendor_shop-hurricane","11":"first","12":"instock","13":"virtual","14":"taxable","15":"purchasable","16":"product-type-simple"},"composite_layout":"","composite_add_to_cart_form_location":"","composite_editable_in_cart":false,"composite_sold_individually_context":"","composite_shop_price_calc":"","composite_components":[],"composite_scenarios":[],"_links":{"self":[{"href":"https:\/\/gapinnovation.com\/hurricane\/fr\/wp-json\/wp\/v2\/product\/1180"}],"collection":[{"href":"https:\/\/gapinnovation.com\/hurricane\/fr\/wp-json\/wp\/v2\/product"}],"about":[{"href":"https:\/\/gapinnovation.com\/hurricane\/fr\/wp-json\/wp\/v2\/types\/product"}],"replies":[{"embeddable":true,"href":"https:\/\/gapinnovation.com\/hurricane\/fr\/wp-json\/wp\/v2\/comments?post=1180"}],"wp:featuredmedia":[{"embeddable":true,"href":"https:\/\/gapinnovation.com\/hurricane\/fr\/wp-json\/wp\/v2\/media\/1195"}],"wp:attachment":[{"href":"https:\/\/gapinnovation.com\/hurricane\/fr\/wp-json\/wp\/v2\/media?parent=1180"}],"wp:term":[{"taxonomy":"product_cat","embeddable":true,"href":"https:\/\/gapinnovation.com\/hurricane\/fr\/wp-json\/wp\/v2\/product_cat?post=1180"},{"taxonomy":"product_tag","embeddable":true,"href":"https:\/\/gapinnovation.com\/hurricane\/fr\/wp-json\/wp\/v2\/product_tag?post=1180"}],"curies":[{"name":"wp","href":"https:\/\/api.w.org\/{rel}","templated":true}]}}