{"id":1153,"date":"2000-06-18T11:31:19","date_gmt":"2001-06-18T15:31:19","guid":{"rendered":"https:\/\/gapinnovation.com\/hurricane\/?post_type=product&#038;p=1153"},"modified":"2020-12-06T20:13:11","modified_gmt":"2020-12-07T01:13:11","slug":"cartographie-individuelle-pour-sidewinder-thundercat-9000-225-240-270-285-290-300hp-ou-340-pro-mod-copy","status":"publish","type":"product","link":"https:\/\/gapinnovation.com\/hurricane\/fr\/produit\/cartographie-individuelle-pour-sidewinder-thundercat-9000-225-240-270-285-290-300hp-ou-340-pro-mod-copy\/","title":{"rendered":"Cartographie individuelle pour BRP 900 Ace Turbo, 195 ou 205HP"},"content":{"rendered":"<div id=\"pl-1153\"  class=\"panel-layout\" ><div id=\"pg-1153-0\"  class=\"panel-grid panel-no-style\" ><div id=\"pgc-1153-0-0\"  class=\"panel-grid-cell\" ><div id=\"panel-1153-0-0-0\" class=\"so-panel widget widget_text panel-first-child panel-last-child\" data-index=\"0\" >\t\t\t<div class=\"textwidget\"><p style=\"background: white;\"><strong><span style=\"font-size: 15pt; font-family: 'Arial','sans-serif'; color: #131313;\">L&rsquo;achat de ce produit vous permettra de choisir l&rsquo;une des cartographies d\u00e9finies plus bas. La ou les cartographies possibles pour la configuration mat\u00e9rielle sp\u00e9cifique du v\u00e9hicule (type de silencieux, etc.) seront automatiquement affich\u00e9es lors du remplissage du formulaire pr\u00e9sent dans l&rsquo;application GAP Flasher.<\/span><\/strong><\/p>\n<p style=\"background: white;\"><strong><span style=\"font-size: 15pt; font-family: 'Arial','sans-serif'; color: #131313;\">Pour une description compl\u00e8te et \u00e0 jour, veuillez consulter la <a href=\"https:\/\/www.hurricaneperformance.ca\/product-category\/brp-900-ace-turbo\/\">page du produit<\/a>.<\/span><\/strong><\/p>\n<p>&nbsp;<\/p>\n<\/div>\n\t\t<\/div><\/div><\/div><div id=\"pg-1153-1\"  class=\"panel-grid panel-has-style\" ><div class=\"panel-row-style panel-row-style-for-1153-1\" ><div id=\"pgc-1153-1-0\"  class=\"panel-grid-cell\" ><div id=\"panel-1153-1-0-0\" class=\"so-panel widget widget_media_image panel-first-child panel-last-child\" data-index=\"1\" ><img decoding=\"async\" width=\"201\" height=\"300\" src=\"https:\/\/gapinnovation.com\/hurricane\/wp-content\/uploads\/sites\/5\/2019\/06\/Hurricane_900T_205-201x300.png\" class=\"image wp-image-1159  attachment-medium size-medium\" alt=\"\" style=\"max-width: 100%; height: auto;\" srcset=\"https:\/\/gapinnovation.com\/hurricane\/wp-content\/uploads\/sites\/5\/2019\/06\/Hurricane_900T_205-201x300.png 201w, https:\/\/gapinnovation.com\/hurricane\/wp-content\/uploads\/sites\/5\/2019\/06\/Hurricane_900T_205-768x1149.png 768w, https:\/\/gapinnovation.com\/hurricane\/wp-content\/uploads\/sites\/5\/2019\/06\/Hurricane_900T_205-685x1024.png 685w, https:\/\/gapinnovation.com\/hurricane\/wp-content\/uploads\/sites\/5\/2019\/06\/Hurricane_900T_205-100x150.png 100w, https:\/\/gapinnovation.com\/hurricane\/wp-content\/uploads\/sites\/5\/2019\/06\/Hurricane_900T_205-846x1266.png 846w, https:\/\/gapinnovation.com\/hurricane\/wp-content\/uploads\/sites\/5\/2019\/06\/Hurricane_900T_205-1184x1771.png 1184w, https:\/\/gapinnovation.com\/hurricane\/wp-content\/uploads\/sites\/5\/2019\/06\/Hurricane_900T_205-600x898.png 600w, https:\/\/gapinnovation.com\/hurricane\/wp-content\/uploads\/sites\/5\/2019\/06\/Hurricane_900T_205.png 1331w\" sizes=\"(max-width: 201px) 100vw, 201px\" \/><\/div><\/div><div id=\"pgc-1153-1-1\"  class=\"panel-grid-cell\" ><div id=\"panel-1153-1-1-0\" class=\"so-panel widget widget_text panel-first-child panel-last-child\" data-index=\"2\" >\t\t\t<div class=\"textwidget\"><p style=\"background: white;\"><strong><span style=\"font-size: 15pt; font-family: 'Arial','sans-serif'; color: #131313;\">Cette cartographie fait 205 HP en toute s\u00e9curit\u00e9 avec de l&rsquo;essence ayant un indice d&rsquo;octane de 91 et plus.\u00a0<\/span><\/strong><\/p>\n<p><strong><span style=\"font-size: 15pt; font-family: 'Arial','sans-serif'; color: #131313;\">Exigences:<\/span><\/strong><\/p>\n<ul>\n<li><span style=\"font-size: 15pt; font-family: 'Arial','sans-serif'; color: #131313;\">Silencieux d&rsquo;origine<\/span><\/li>\n<li><span style=\"font-size: 15pt; font-family: 'Arial','sans-serif'; color: #131313;\">Modification d&#8217;embrayage<\/span><\/li>\n<li><span style=\"font-size: 15pt; font-family: 'Arial','sans-serif'; color: #131313;\">Essence ayant un indice d&rsquo;octane de 91 et plus<\/span><span style=\"font-size: 15pt; font-family: 'Arial','sans-serif'; color: #131313;\"><br \/>\n<\/span><\/li>\n<\/ul>\n<\/div>\n\t\t<\/div><\/div><\/div><\/div><div id=\"pg-1153-2\"  class=\"panel-grid panel-has-style\" ><div class=\"panel-row-style panel-row-style-for-1153-2\" ><div id=\"pgc-1153-2-0\"  class=\"panel-grid-cell\" ><div id=\"panel-1153-2-0-0\" class=\"so-panel widget widget_media_image panel-first-child panel-last-child\" data-index=\"3\" ><img decoding=\"async\" width=\"201\" height=\"300\" src=\"https:\/\/gapinnovation.com\/hurricane\/wp-content\/uploads\/sites\/5\/2019\/06\/Hurricane_900T_195-201x300.png\" class=\"image wp-image-1157  attachment-medium size-medium\" alt=\"\" style=\"max-width: 100%; height: auto;\" srcset=\"https:\/\/gapinnovation.com\/hurricane\/wp-content\/uploads\/sites\/5\/2019\/06\/Hurricane_900T_195-201x300.png 201w, https:\/\/gapinnovation.com\/hurricane\/wp-content\/uploads\/sites\/5\/2019\/06\/Hurricane_900T_195-768x1149.png 768w, https:\/\/gapinnovation.com\/hurricane\/wp-content\/uploads\/sites\/5\/2019\/06\/Hurricane_900T_195-685x1024.png 685w, https:\/\/gapinnovation.com\/hurricane\/wp-content\/uploads\/sites\/5\/2019\/06\/Hurricane_900T_195-100x150.png 100w, https:\/\/gapinnovation.com\/hurricane\/wp-content\/uploads\/sites\/5\/2019\/06\/Hurricane_900T_195-846x1266.png 846w, https:\/\/gapinnovation.com\/hurricane\/wp-content\/uploads\/sites\/5\/2019\/06\/Hurricane_900T_195-1184x1771.png 1184w, https:\/\/gapinnovation.com\/hurricane\/wp-content\/uploads\/sites\/5\/2019\/06\/Hurricane_900T_195-600x898.png 600w, https:\/\/gapinnovation.com\/hurricane\/wp-content\/uploads\/sites\/5\/2019\/06\/Hurricane_900T_195.png 1331w\" sizes=\"(max-width: 201px) 100vw, 201px\" \/><\/div><\/div><div id=\"pgc-1153-2-1\"  class=\"panel-grid-cell\" ><div id=\"panel-1153-2-1-0\" class=\"so-panel widget widget_text panel-first-child panel-last-child\" data-index=\"4\" >\t\t\t<div class=\"textwidget\"><p style=\"background: white;\"><strong><span style=\"font-size: 15pt; font-family: 'Arial','sans-serif'; color: #131313;\">Cette cartographie fait 195 HP en toute s\u00e9curit\u00e9 avec de l&rsquo;essence ayant un indice d&rsquo;octane de 91 et plus.\u00a0<\/span><\/strong><\/p>\n<p><strong><span style=\"font-size: 15pt; font-family: 'Arial','sans-serif'; color: #131313;\">Exigences:<\/span><\/strong><\/p>\n<ul>\n<li><span style=\"font-size: 15pt; font-family: 'Arial','sans-serif'; color: #131313;\">Silencieux d&rsquo;origine<\/span><\/li>\n<li><span style=\"font-size: 15pt; font-family: 'Arial','sans-serif'; color: #131313;\">Modification d&#8217;embrayage<\/span><\/li>\n<li><span style=\"font-size: 15pt; font-family: 'Arial','sans-serif'; color: #131313;\">Essence ayant un indice d&rsquo;octane de 91 et plus<\/span><span style=\"font-size: 15pt; font-family: 'Arial','sans-serif'; color: #131313;\"><br \/>\n<\/span><\/li>\n<\/ul>\n<\/div>\n\t\t<\/div><\/div><\/div><\/div><\/div>","protected":false},"excerpt":{"rendered":"<p style=\"text-align: left;\">Cartographie individuelle pour BRP 900 Ace Turbo, 195 ou 205HP<\/p>\n","protected":false},"featured_media":2390,"comment_status":"open","ping_status":"closed","template":"","meta":[],"product_cat":[43,36],"product_tag":[],"class_list":{"0":"post-1153","1":"product","2":"type-product","3":"status-publish","4":"has-post-thumbnail","6":"product_cat-brp-900t-sled-2","7":"product_cat-tunes-fr","8":"dc_vendor_shop-hurricane","11":"first","12":"instock","13":"virtual","14":"taxable","15":"purchasable","16":"product-type-composite"},"composite_layout":"single","composite_add_to_cart_form_location":"default","composite_editable_in_cart":false,"composite_sold_individually_context":"product","composite_shop_price_calc":"min_max","composite_components":[{"id":"1538132009","title":"Enregistreur de donn\u00e9es (datalogger)","description":"<p style=\"background: white\"><span style=\"font-size: 14pt;color: #131313\">Enregistrer, consulter et analyser les donn\u00e9es moteur. Pour une description d\u00e9taill\u00e9e,  <a href=\"https:\/\/gapinnovation.com\/hurricane\/fr\/produit\/enregistreur-de-donnees-datalogger\/\">cliquer ici<\/a>. <\/span><\/strong><\/p>\n","query_type":"product_ids","query_ids":[222],"default_option_id":"","thumbnail_id":"","thumbnail_src":"","quantity_min":1,"quantity_max":"","priced_individually":true,"shipped_individually":true,"optional":true,"discount":"","options_style":"radios","pagination_style":"classic","display_prices":"absolute","show_sorting_options":false,"show_filtering_options":false,"attribute_filter_ids":[],"product_title_visible":true,"product_descr_visible":true,"product_price_visible":true,"product_thumb_visible":true,"subtotal_visible_product":true,"subtotal_visible_cart":true,"subtotal_visible_orders":true}],"composite_scenarios":[],"_links":{"self":[{"href":"https:\/\/gapinnovation.com\/hurricane\/fr\/wp-json\/wp\/v2\/product\/1153"}],"collection":[{"href":"https:\/\/gapinnovation.com\/hurricane\/fr\/wp-json\/wp\/v2\/product"}],"about":[{"href":"https:\/\/gapinnovation.com\/hurricane\/fr\/wp-json\/wp\/v2\/types\/product"}],"replies":[{"embeddable":true,"href":"https:\/\/gapinnovation.com\/hurricane\/fr\/wp-json\/wp\/v2\/comments?post=1153"}],"wp:featuredmedia":[{"embeddable":true,"href":"https:\/\/gapinnovation.com\/hurricane\/fr\/wp-json\/wp\/v2\/media\/2390"}],"wp:attachment":[{"href":"https:\/\/gapinnovation.com\/hurricane\/fr\/wp-json\/wp\/v2\/media?parent=1153"}],"wp:term":[{"taxonomy":"product_cat","embeddable":true,"href":"https:\/\/gapinnovation.com\/hurricane\/fr\/wp-json\/wp\/v2\/product_cat?post=1153"},{"taxonomy":"product_tag","embeddable":true,"href":"https:\/\/gapinnovation.com\/hurricane\/fr\/wp-json\/wp\/v2\/product_tag?post=1153"}],"curies":[{"name":"wp","href":"https:\/\/api.w.org\/{rel}","templated":true}]}}