{"id":272,"date":"2018-09-06T12:58:46","date_gmt":"2018-09-06T16:58:46","guid":{"rendered":"https:\/\/gapinnovation.com\/hurricane\/?page_id=272"},"modified":"2018-09-06T13:09:43","modified_gmt":"2018-09-06T17:09:43","slug":"avis-de-non-responsabilite","status":"publish","type":"page","link":"https:\/\/gapinnovation.com\/hurricane\/fr\/avis-de-non-responsabilite\/","title":{"rendered":"Avis de non-responsabilit\u00e9"},"content":{"rendered":"<p>Cet avis de non-responsabilit\u00e9 est pr\u00e9sent pour prot\u00e9ger GAP Innovation, Inc et les fournisseurs affili\u00e9s contre les abus.<\/p>\n<p>Ni le fournisseur de cartographie ni le fabricant du GAP Flasher \u00a0(GAP Innovation, Inc.) ne peuvent \u00eatre tenus responsables des dommages subis par l\u2019utilisation du GAP Flasher, des cartographies modifi\u00e9es ou des modules compl\u00e9mentaires. Vous assumez la responsabilit\u00e9 \u00e0 100% des cons\u00e9quences possibles.<strong> Cela comprend tous les dommages caus\u00e9s au v\u00e9hicule, aux syst\u00e8mes du v\u00e9hicule ou \u00e0 la propri\u00e9t\u00e9.<\/strong> Cela comprend \u00e9galement les blessures, la mort ou tout autre type de dommages \u00e0 l&rsquo;utilisateur, \u00e0 d&rsquo;autres personnes, \u00e0 des animaux ou \u00e0 d&rsquo;autres formes de vie.\u00a0GAP Innovation, Inc et les Tuners affili\u00e9s n&rsquo;accepteront aucune responsabilit\u00e9 quant \u00e0 la l\u00e9galit\u00e9 ou \u00e0 l&rsquo;ill\u00e9galit\u00e9 des produits fournis.<\/p>\n<p>L&rsquo;utilisateur doit s&rsquo;informer<\/p>\n<ul>\n<li>Des r\u00e8glements ou des lois applicables avant de faire toute modification susceptible de faire partie d&rsquo;une loi ou d&rsquo;un r\u00e8glement. S&rsquo;il vous pla\u00eet, consultez les organismes appliquant lesdites lois et r\u00e8glements.<\/li>\n<li>Des r\u00e8glements de courseDes exigences rendues n\u00e9cessaires par la cartographie achet\u00e9e.<\/li>\n<li>Cela inclut les \u00e9l\u00e9ments mat\u00e9riels tels que les syst\u00e8mes d&rsquo;\u00e9chappement.<\/li>\n<\/ul>\n","protected":false},"excerpt":{"rendered":"<p>Cet avis de non-responsabilit\u00e9 est pr\u00e9sent pour prot\u00e9ger GAP Innovation, Inc et les fournisseurs affili\u00e9s contre les abus. Ni le fournisseur de cartographie ni le fabricant du GAP Flasher \u00a0(GAP Innovation, Inc.) ne peuvent \u00eatre tenus responsables des dommages subis par l\u2019utilisation du GAP Flasher, des cartographies modifi\u00e9es ou des modules compl\u00e9mentaires. Vous assumez la responsabilit\u00e9 \u00e0 100% des cons\u00e9quences &#8230; <a href=\"https:\/\/gapinnovation.com\/hurricane\/fr\/avis-de-non-responsabilite\/\" class=\"more-link\">Read More<\/a><\/p>\n","protected":false},"author":1,"featured_media":0,"parent":0,"menu_order":0,"comment_status":"closed","ping_status":"closed","template":"","meta":{"footnotes":""},"class_list":["post-272","page","type-page","status-publish","hentry","no-post-thumbnail"],"_links":{"self":[{"href":"https:\/\/gapinnovation.com\/hurricane\/fr\/wp-json\/wp\/v2\/pages\/272"}],"collection":[{"href":"https:\/\/gapinnovation.com\/hurricane\/fr\/wp-json\/wp\/v2\/pages"}],"about":[{"href":"https:\/\/gapinnovation.com\/hurricane\/fr\/wp-json\/wp\/v2\/types\/page"}],"author":[{"embeddable":true,"href":"https:\/\/gapinnovation.com\/hurricane\/fr\/wp-json\/wp\/v2\/users\/1"}],"replies":[{"embeddable":true,"href":"https:\/\/gapinnovation.com\/hurricane\/fr\/wp-json\/wp\/v2\/comments?post=272"}],"version-history":[{"count":0,"href":"https:\/\/gapinnovation.com\/hurricane\/fr\/wp-json\/wp\/v2\/pages\/272\/revisions"}],"wp:attachment":[{"href":"https:\/\/gapinnovation.com\/hurricane\/fr\/wp-json\/wp\/v2\/media?parent=272"}],"curies":[{"name":"wp","href":"https:\/\/api.w.org\/{rel}","templated":true}]}}