{"id":234,"date":"2018-09-04T16:50:00","date_gmt":"2018-09-04T20:50:00","guid":{"rendered":"https:\/\/gapinnovation.com\/hurricane\/privacy-policy\/"},"modified":"2018-09-06T14:18:55","modified_gmt":"2018-09-06T18:18:55","slug":"privacy-policy","status":"publish","type":"page","link":"https:\/\/gapinnovation.com\/hurricane\/fr\/privacy-policy\/","title":{"rendered":"D\u00e9claration de confidentialit\u00e9"},"content":{"rendered":"<div id=\"main\" class=\"clearfix width-100\" role=\"main\">\n<div class=\"fusion-row\">\n<div id=\"content\">\n<div id=\"post-2644\" class=\"post-2644 page type-page status-publish hentry\">\n<div class=\"post-content\">\n<div class=\"fusion-fullwidth fullwidth-box fusion-blend-mode hundred-percent-fullwidth\">\n<div class=\"fusion-builder-row fusion-row \">\n<div class=\"fusion-layout-column fusion_builder_column fusion_builder_column_1_1 fusion-one-full fusion-column-first fusion-column-last fusion-column-no-min-height 1_1\">\n<div class=\"fusion-column-wrapper\" data-bg-url=\"\">\n<p>Cette d\u00e9claration de confidentialit\u00e9 a \u00e9t\u00e9 publi\u00e9e le 6 Septembre 2018.<\/p>\n<p>Chez GAP Innovation, nous nous engageons \u00e0 prot\u00e9ger et \u00e0 respecter votre vie priv\u00e9e selon la directive UE (GDPR) 2016\/679, dat\u00e9e du 27 avril 2016. Cette d\u00e9claration explique pourquoi nous recueillons des informations personnelles, comment nous les utilisons, les conditions dans lesquelles nous pouvons les divulguer a des tiers et comment nous les gardons en s\u00e9curit\u00e9. Cette d\u00e9claration de confidentialit\u00e9 s\u2019applique \u00e0 l\u2019utilisation de nos produits, \u00e0 nos ventes, au d\u00e9veloppement et au service \u00e0 la client\u00e8le.<\/p>\n<h1 data-fontsize=\"34\" data-lineheight=\"47\">Qui sommes-nous?<\/h1>\n<p>GAP Innovation d\u00e9veloppe, distribue et vend des syst\u00e8mes de navigation, des outils \u00e9lectroniques pour v\u00e9hicules hors route et fournie une plateforme de distribution pour des mise\u00a0\u00e0 jour de cartographie moteur. Le si\u00e8ge social de la soci\u00e9t\u00e9 est situ\u00e9 \u00e0 Terrebonne, Qu\u00e9bec, Canada.<\/p>\n<p>GAP Innovation est responsable du traitement et stockage des donn\u00e9es. Le responsable de la protection des donn\u00e9es peut \u00eatre contact\u00e9 en utilisant notre formulaire de contact disponible dans la section Contact.<\/p>\n<h1 data-fontsize=\"34\" data-lineheight=\"47\">Quand recueillons-nous des donn\u00e9es personnelles \u00e0 votre sujet?<\/h1>\n<ul>\n<li>Lorsque vous partagez des donn\u00e9es lors de l\u2019utilisation de nos produits.<\/li>\n<li>Lorsque vous interagissez avec nous en personne, par correspondance, par t\u00e9l\u00e9phone, par les m\u00e9dias sociaux, par courriel ou via notre site Web.<\/li>\n<li>Nous recueillons des donn\u00e9es pendant le processus d\u2019activation d\u2019une unit\u00e9.<\/li>\n<li>Nous recueillons les donn\u00e9es de l\u2019appareil lors de la mise \u00e0 jour afin d\u2019\u00e9valuer son \u00e9tat de sant\u00e9.<\/li>\n<li>Nous pouvons collecter des donn\u00e9es personnelles si elles sont consid\u00e9r\u00e9es comme ayant un int\u00e9r\u00eat l\u00e9gitime, et si cet int\u00e9r\u00eat n\u2019est pas outrepass\u00e9 par vos int\u00e9r\u00eats de confidentialit\u00e9. Avant que les donn\u00e9es ne soient collect\u00e9es, nous nous assurons qu\u2019une \u00e9valuation est faite, en veillant \u00e0 ce qu\u2019il existe un int\u00e9r\u00eat mutuel \u00e9tabli entre vous et GAP Innovation.<\/li>\n<\/ul>\n<h1 data-fontsize=\"34\" data-lineheight=\"47\">Pourquoi recueillons-nous et utilisons-nous des donn\u00e9es personnelles?<\/h1>\n<p>Nous recueillons et utilisons des donn\u00e9es personnelles principalement pour la vente directe et le service \u00e0 la client\u00e8le. Nous recueillons \u00e9galement des donn\u00e9es sur les fournisseurs, les partenaires et les personnes qui cherchent un emploi ou qui travaillent dans notre entreprise.<\/p>\n<p>Nous pouvons utiliser vos informations aux fins suivantes:<\/p>\n<ul>\n<li>Vous envoyez des informations sur les produits et services que vous avez achet\u00e9s chez nous.<\/li>\n<li>Effectuer des activit\u00e9s de vente directe dans les cas o\u00f9 un int\u00e9r\u00eat l\u00e9gitime et mutuel est \u00e9tabli.<\/li>\n<li>R\u00e9pondre \u00e0 un \u00abContactez-moi\u00bb ou \u00e0 d\u2019autres formulaires Web que vous avez remplis sur notre site Web.<\/li>\n<li>Suivi des demandes entrantes (assistance client, courriels ou appels t\u00e9l\u00e9phoniques).<\/li>\n<li>Vous informer de toute perturbation de nos services (messages syst\u00e8me).<\/li>\n<li>Vous contactez pour mener des enqu\u00eates sur votre opinion sur nos produits et services.<\/li>\n<li>Traiter une demande d\u2019emploi.<\/li>\n<\/ul>\n<h1 data-fontsize=\"34\" data-lineheight=\"47\">Notre base l\u00e9gale pour la collecte de donn\u00e9es personnelles<\/h1>\n<h2 data-fontsize=\"18\" data-lineheight=\"27\">Collecte de donn\u00e9es personnelles bas\u00e9es sur le consentement<\/h2>\n<p>La collecte de donn\u00e9es personnelles bas\u00e9e sur le consentement de la personne concern\u00e9e sera effectu\u00e9e \u00e0 l\u2019aide de \u00abformulaires de consentement\u00bb qui conservera la documentation relative au consentement donn\u00e9 par l\u2019individu. Les consentements individuels seront toujours stock\u00e9s et document\u00e9s dans nos syst\u00e8mes.<\/p>\n<h2 data-fontsize=\"18\" data-lineheight=\"27\">Collecte de donn\u00e9es personnelles bas\u00e9es sur un int\u00e9r\u00eat l\u00e9gitime<\/h2>\n<p>Nous pouvons utiliser des donn\u00e9es personnelles si elles sont consid\u00e9r\u00e9es comme ayant un int\u00e9r\u00eat l\u00e9gitime, et si les int\u00e9r\u00eats de confidentialit\u00e9 des personnes concern\u00e9es ne l\u2019emportent pas sur cet int\u00e9r\u00eat. Normalement, pour \u00e9tablir la base juridique de la collecte de donn\u00e9es, une \u00e9valuation a \u00e9t\u00e9 faite au cours de laquelle un int\u00e9r\u00eat mutuel entre GAP Innovation et la personne individuelle a \u00e9t\u00e9 identifi\u00e9. Cette base l\u00e9gale est principalement li\u00e9e \u00e0 nos objectifs de vente, de service \u00e0 la client\u00e8le et de d\u00e9veloppement. Nous informerons toujours les individus de leurs droits \u00e0 la vie priv\u00e9e et du but de la collecte de donn\u00e9es personnelles.<\/p>\n<h1 data-fontsize=\"34\" data-lineheight=\"47\">Quel type de donn\u00e9es personnelles est collect\u00e9?<\/h1>\n<p>Nous recueillons le nom, l\u2019adresse de facturation, l\u2019adresse de livraison, le num\u00e9ro de t\u00e9l\u00e9phone, le titre et l\u2019adresse courriel, en plus du nom et des coordonn\u00e9es de votre soci\u00e9t\u00e9 (le cas \u00e9ch\u00e9ant). Nous pouvons \u00e9galement recueillir des commentaires et des questions re\u00e7us de votre part dans le cadre de communications et d\u2019activit\u00e9s li\u00e9es au soutien, comme des appels t\u00e9l\u00e9phoniques, des documents et des courriels. De nos sites Web, nous pouvons recueillir l\u2019adresse IP et les actions prises sur le site. Si vous postulez pour un emploi chez GAP Innovation, nous recueillons les donn\u00e9es que vous fournissez pendant le processus de candidature. GAP Innovation ne collecte ni ne traite aucune cat\u00e9gorie particuli\u00e8re de donn\u00e9es personnelles, telles que les identifiants uniques publics ou les donn\u00e9es personnelles sensibles.\u00a0Lorsque n\u00e9cessaire, nous recuillons des donn\u00e9es provenant des v\u00e9hicules sur lesquels les outils sont utilis\u00e9s.<\/p>\n<h1 data-fontsize=\"34\" data-lineheight=\"47\">Combien de temps gardons-nous vos donn\u00e9es personnelles?<\/h1>\n<p>Nous conservons les donn\u00e9es personnelles aussi longtemps que nous le jugeons n\u00e9cessaire pour remplir les objectifs pour lesquels les donn\u00e9es personnelles ont \u00e9t\u00e9 collect\u00e9es, tout en tenant compte de notre besoin de r\u00e9pondre \u00e0 vos questions ou de r\u00e9soudre d\u2019\u00e9ventuels probl\u00e8mes, de respecter les lois en vigueur, toutes les r\u00e9clamations \/ plaintes l\u00e9gales, et \u00e0 des fins de sauvegarde.<\/p>\n<p>Cela signifie que nous pouvons conserver vos donn\u00e9es personnelles pendant une p\u00e9riode raisonnable apr\u00e8s votre derni\u00e8re interaction avec nous. Lorsque les donn\u00e9es personnelles que nous avons collect\u00e9es ne sont plus n\u00e9cessaires, nous les supprimerons de mani\u00e8re s\u00e9curis\u00e9e. Nous pouvons traiter des donn\u00e9es \u00e0 des fins statistiques, mais dans ce cas, les donn\u00e9es seront anonymis\u00e9es.<\/p>\n<h1 data-fontsize=\"34\" data-lineheight=\"47\">Vos droits sur vos donn\u00e9es personnelles<\/h1>\n<p>Vous avez les droits suivants en ce qui concerne vos donn\u00e9es personnelles:<\/p>\n<ul>\n<li>Le droit de demander une copie de vos donn\u00e9es personnelles que GAP Innovation d\u00e9tient \u00e0 votre sujet.<\/li>\n<li>Le droit de demander \u00e0 GAP Innovation de corriger vos donn\u00e9es personnelles si elles sont inexactes ou p\u00e9rim\u00e9es.\n<ul>\n<li>Si vous \u00eates un client et que vous utilisez le site Web GAP Innovation, vous pouvez mettre \u00e0 jour votre profil d\u2019utilisateur en vous connectant \u00e0 GAP Innovation et choisir l\u2019option \u00abMon compte\u00bb pour modifier vos informations.<\/li>\n<\/ul>\n<\/li>\n<li>Le droit de demander la suppression de vos donn\u00e9es personnelles lorsqu\u2019il n\u2019est plus n\u00e9cessaire que GAP Innovation conserve ces donn\u00e9es.<\/li>\n<li>Le droit de retirer tout consentement au traitement des donn\u00e9es personnelles \u00e0 tout moment.<\/li>\n<li>Le droit de demander une restriction sur la poursuite du traitement des donn\u00e9es, en cas de litige relatif \u00e0 l\u2019exactitude ou au traitement de vos donn\u00e9es personnelles.<\/li>\n<li>Le droit de s\u2019opposer au traitement des donn\u00e9es personnelles, dans le cas o\u00f9 le traitement des donn\u00e9es a \u00e9t\u00e9 bas\u00e9 sur un int\u00e9r\u00eat l\u00e9gitime.<\/li>\n<\/ul>\n<p>Toute question relative \u00e0 vos droits de confidentialit\u00e9 doit \u00eatre envoy\u00e9e via notre formulaire de contact disponible dans la section Contact.<\/p>\n<h1 data-fontsize=\"34\" data-lineheight=\"47\">L\u2019utilisation de t\u00e9moins (cookies)<\/h1>\n<p>Nous utilisons des t\u00e9moins pour recueillir des informations lorsque vous naviguez sur les sites Web de la soci\u00e9t\u00e9. Les informations de navigation du site Web incluent des informations standard provenant de votre navigateur Web, telles que le type de navigateur et la langue du navigateur; votre adresse IP (Internet Protocol); et les actions que vous effectuez sur les sites Web de l\u2019entreprise, tels que les pages Web consult\u00e9es et les liens cliqu\u00e9s.<br \/>\nCes informations sont utilis\u00e9es pour rendre les sites Web plus efficaces et pour recueillir des donn\u00e9es personnelles telles que le type de navigateur et les syst\u00e8mes d\u2019exploitation, les pages de renvoi, les chemins du site, le domaine du FAI, etc. Les t\u00e9moins et les technologies similaires nous aident \u00e0 adapter notre site Web \u00e0 vos besoins personnels, ainsi qu\u2019\u00e0 d\u00e9tecter et pr\u00e9venir les menaces et abus de s\u00e9curit\u00e9. S\u2019ils sont utilis\u00e9s seuls, les t\u00e9moins Web ne vous identifient pas personnellement.<\/p>\n<h1 data-fontsize=\"34\" data-lineheight=\"47\">Partageons-nous vos donn\u00e9es avec quelqu\u2019un?<\/h1>\n<p>Nous ne partageons, vendons, louons ou n\u2019\u00e9changeons pas vos informations avec des tiers sans votre consentement, sauf pour les situations suivantes:<\/p>\n<h2 data-fontsize=\"18\" data-lineheight=\"27\">Fournisseurs de produits tiers avec lesquels nous travaillons:<\/h2>\n<p>Nous travaillons en \u00e9troite collaboration avec divers fournisseurs de produits tiers pour vous proposer une gamme de produits et de services con\u00e7us pour r\u00e9pondre \u00e0 vos besoins \u00e9tendus li\u00e9s \u00e0 nos produits. Lorsque vous vous renseignez sur ou achetez un ou plusieurs de leur produits, le fournisseur de produits tiers concern\u00e9 utilisera vos coordonn\u00e9es pour vous fournir des informations et ex\u00e9cuter les obligations d\u00e9coulant des contrats que vous avez conclus avec eux. Ces fournisseurs de produits tiers partageront vos informations avec nous, que nous utiliserons conform\u00e9ment \u00e0 cette d\u00e9claration de confidentialit\u00e9.<\/p>\n<h2 data-fontsize=\"18\" data-lineheight=\"27\">Si requis par la loi:<\/h2>\n<p>Nous divulguerons vos informations personnelles si la loi l\u2019exige ou si, en tant qu\u2019entreprise, nous croyons raisonnablement que la divulgation est n\u00e9cessaire pour prot\u00e9ger les droits de notre soci\u00e9t\u00e9 et\/ou pour se conformer \u00e0 une proc\u00e9dure judiciaire, une ordonnance judiciaire ou une proc\u00e9dure judiciaire. Cependant, nous ferons ce que nous pouvons pour nous assurer que vos droits \u00e0 la protection de la vie priv\u00e9e continuent d\u2019\u00eatre prot\u00e9g\u00e9s.<\/p>\n<h1 data-fontsize=\"34\" data-lineheight=\"47\">Modifications de cette d\u00e9claration de confidentialit\u00e9<\/h1>\n<p>GAP Innovation se r\u00e9serve le droit de modifier cette d\u00e9claration de confidentialit\u00e9 \u00e0 tout moment. La version applicable sera toujours disponible sur notre site Web. Nous vous encourageons \u00e0 v\u00e9rifier occasionnellement cette d\u00e9claration de confidentialit\u00e9 pour vous assurer que vous \u00eates satisfait de tout changement.<\/p>\n<p>Si nous apportons des modifications qui modifient consid\u00e9rablement nos pratiques de confidentialit\u00e9, nous vous en informerons par courriel ou publierons un avis sur notre site Web avant que la modification prenne effet.<\/p>\n<h1 data-fontsize=\"34\" data-lineheight=\"47\">Votre droit de vous plaindre<\/h1>\n<p>Si vous n\u2019\u00eates pas satisfait de la mani\u00e8re dont vos donn\u00e9es personnelles ont \u00e9t\u00e9 trait\u00e9es, vous pouvez, en premier lieu, nous contacter en utilisant notre formulaire de contact disponible dans la section Support.<\/p>\n<\/div>\n<\/div>\n<\/div>\n<\/div>\n<\/div>\n<\/div>\n<\/div>\n<\/div>\n<\/div>\n","protected":false},"excerpt":{"rendered":"<p>Cette d\u00e9claration de confidentialit\u00e9 a \u00e9t\u00e9 publi\u00e9e le 6 Septembre 2018. Chez GAP Innovation, nous nous engageons \u00e0 prot\u00e9ger et \u00e0 respecter votre vie priv\u00e9e selon la directive UE (GDPR) 2016\/679, dat\u00e9e du 27 avril 2016. Cette d\u00e9claration explique pourquoi nous recueillons des informations personnelles, comment nous les utilisons, les conditions dans lesquelles nous pouvons les divulguer a des tiers &#8230; <a href=\"https:\/\/gapinnovation.com\/hurricane\/fr\/privacy-policy\/\" class=\"more-link\">Read More<\/a><\/p>\n","protected":false},"author":1,"featured_media":0,"parent":0,"menu_order":0,"comment_status":"closed","ping_status":"closed","template":"","meta":{"footnotes":""},"class_list":["post-234","page","type-page","status-publish","hentry","no-post-thumbnail"],"_links":{"self":[{"href":"https:\/\/gapinnovation.com\/hurricane\/fr\/wp-json\/wp\/v2\/pages\/234"}],"collection":[{"href":"https:\/\/gapinnovation.com\/hurricane\/fr\/wp-json\/wp\/v2\/pages"}],"about":[{"href":"https:\/\/gapinnovation.com\/hurricane\/fr\/wp-json\/wp\/v2\/types\/page"}],"author":[{"embeddable":true,"href":"https:\/\/gapinnovation.com\/hurricane\/fr\/wp-json\/wp\/v2\/users\/1"}],"replies":[{"embeddable":true,"href":"https:\/\/gapinnovation.com\/hurricane\/fr\/wp-json\/wp\/v2\/comments?post=234"}],"version-history":[{"count":0,"href":"https:\/\/gapinnovation.com\/hurricane\/fr\/wp-json\/wp\/v2\/pages\/234\/revisions"}],"wp:attachment":[{"href":"https:\/\/gapinnovation.com\/hurricane\/fr\/wp-json\/wp\/v2\/media?parent=234"}],"curies":[{"name":"wp","href":"https:\/\/api.w.org\/{rel}","templated":true}]}}